{"id":99,"date":"2018-10-11T09:49:47","date_gmt":"2018-10-11T07:49:47","guid":{"rendered":"https:\/\/www-dev.branas.se\/?page_id=99"},"modified":"2018-12-18T10:07:01","modified_gmt":"2018-12-18T10:07:01","slug":"skolresa","status":"publish","type":"page","link":"https:\/\/www-dev.branas.se\/en\/grupp-och-konferens\/skolresa\/","title":{"rendered":"Grupp och Skolresa"},"content":{"rendered":"<div class=\"ingress\">P\u00e5 n\u00e4ra h\u00e5ll finns allt ni beh\u00f6ver f\u00f6r en aktiv vinterdag med frisk luft, skratt och skid\u00e5kning. Med enkel bokning \u00e4r vi ett perfekt val inf\u00f6r skolresan. Tryggt, enkelt och roligt!<\/div>\n<p style=\"text-align: center;\"><a class=\"btn btn--action\" href=\"https:\/\/grupp.branas.se\/\">SKOLELEV &#8211; BOKA OCH BETALA DIN RESA H\u00c4R <\/a><\/p>\n<p style=\"text-align: center;\"><a class=\"btn btn--action\" href=\"https:\/\/grupp.branas.se\/bokningsforfragan\">SKICKA BOKNINGSF\u00d6RFR\u00c5GAN, GRUPPRESA<\/a><\/p>\n<div>\n<hr \/>\n<\/div>\n<p>Med v\u00e5rt smidiga bokningssystem \u00e4r det enkelt att planera den skidresa som passar just er. Ledare och elever f\u00e5r egna inloggningsuppgifter och kan boka och betala resan direkt p\u00e5 webben och skolan slipper tidskr\u00e4vande insamlingar.<\/p>\n<h2>Anm\u00e4lan<\/h2>\n<p>Ansvarig ledare ringer, mailar eller skickar en bokningsf\u00f6rfr\u00e5gan f\u00f6r att boka en resa.<\/p>\n<p><strong>Bekr\u00e4ftelse via mail<\/strong><br \/>\nL\u00e4raren f\u00e5r via mail en bekr\u00e4ftelse och ett inlogg som denne skickar ut till eleverna.<\/p>\n<p><strong>Boka och betala en och en.<\/strong><br \/>\nEleverna g\u00e5r in och bokar samt betalar sin resa, utrustning och eventuella lunch.<\/p>\n<p><strong>Bekr\u00e4ftelsesms<br \/>\n<\/strong>Vid bokad utrustning f\u00e5r l\u00e4rare och elever sms med b\u00e5snummer d\u00e4r utrustning, liftkort och lunchkuponger ligger och v\u00e4ntar.<br \/>\nS\u00e5 snart ni \u00e4r p\u00e5 plats g\u00e5r ni direkt och h\u00e4mtar utrustningen och sedan direkt till backen!<\/p>\n<p>Liftkort och lunchkuponger till de elever som ej bokat utrustning finns i utrustningsb\u00e5s hos ansvarig l\u00e4rare<\/p>\n<p><strong>Bokningsf\u00f6rfr\u00e5gan.<\/strong><br \/>\n\u00c4r ni intresserade av en gruppresa till Bran\u00e4s, kontakta oss g\u00e4rna via v\u00e5rt formul\u00e4r f\u00f6r en bokningsf\u00f6rfr\u00e5gan. Observera att ingen bokning \u00e4r gjord f\u00f6rr\u00e4n vi \u00e5terkommit till er f\u00f6r en bokning.<\/p>\n<hr \/>\n<h2>Bokningsregler grupp<\/h2>","protected":false},"excerpt":{"rendered":"<p>P\u00e5 n\u00e4ra h\u00e5ll finns allt ni beh\u00f6ver f\u00f6r en aktiv vinterdag med frisk luft, skratt och skid\u00e5kning. Med enkel bokning \u00e4r vi ett perfekt val inf\u00f6r skolresan. Tryggt, enkelt och roligt! SKOLELEV &#8211; BOKA OCH BETALA DIN RESA H\u00c4R SKICKA BOKNINGSF\u00d6RFR\u00c5GAN, GRUPPRESA Med v\u00e5rt smidiga bokningssystem \u00e4r det enkelt att planera den skidresa som passar [&hellip;]<\/p>","protected":false},"author":2,"featured_media":0,"parent":93,"menu_order":0,"comment_status":"closed","ping_status":"closed","template":"","meta":{"_acf_changed":false,"footnotes":""},"class_list":["post-99","page","type-page","status-publish","hentry"],"acf":[],"_links":{"self":[{"href":"https:\/\/www-dev.branas.se\/en\/wp-json\/wp\/v2\/pages\/99"}],"collection":[{"href":"https:\/\/www-dev.branas.se\/en\/wp-json\/wp\/v2\/pages"}],"about":[{"href":"https:\/\/www-dev.branas.se\/en\/wp-json\/wp\/v2\/types\/page"}],"author":[{"embeddable":true,"href":"https:\/\/www-dev.branas.se\/en\/wp-json\/wp\/v2\/users\/2"}],"replies":[{"embeddable":true,"href":"https:\/\/www-dev.branas.se\/en\/wp-json\/wp\/v2\/comments?post=99"}],"version-history":[{"count":21,"href":"https:\/\/www-dev.branas.se\/en\/wp-json\/wp\/v2\/pages\/99\/revisions"}],"predecessor-version":[{"id":1965,"href":"https:\/\/www-dev.branas.se\/en\/wp-json\/wp\/v2\/pages\/99\/revisions\/1965"}],"up":[{"embeddable":true,"href":"https:\/\/www-dev.branas.se\/en\/wp-json\/wp\/v2\/pages\/93"}],"wp:attachment":[{"href":"https:\/\/www-dev.branas.se\/en\/wp-json\/wp\/v2\/media?parent=99"}],"curies":[{"name":"wp","href":"https:\/\/api.w.org\/{rel}","templated":true}]}}