{"id":887,"date":"2018-11-15T09:59:05","date_gmt":"2018-11-15T09:59:05","guid":{"rendered":"https:\/\/www-dev.branas.se\/?page_id=887"},"modified":"2018-12-15T11:51:45","modified_gmt":"2018-12-15T11:51:45","slug":"bra-att-veta","status":"publish","type":"page","link":"https:\/\/www-dev.branas.se\/en\/bra-att-veta\/","title":{"rendered":"Bra att veta"},"content":{"rendered":"<div class=\"ingress\" style=\"text-align: center;\">F\u00e5 ut det mesta av din skidsemester genom att planera i f\u00f6rv\u00e4g. Hos Bran\u00e4s f\u00e5r du en trygg semester med b\u00e5de pris- och sn\u00f6garanti.<\/div>\n<div><\/div>\n<div>\n<h2 style=\"text-align: center;\">Pris och sn\u00f6garanti<\/h2>\n<p style=\"text-align: center;\">Med v\u00e5r prisgaranti och sn\u00f6garanti kan du k\u00e4nna dig trygg n\u00e4r du bokar din resa till oss. Du beh\u00f6ver aldrig betala f\u00f6r en skidresa utan sn\u00f6.<\/p>\n<p style=\"text-align: center;\"><a class=\"btn btn--action\" href=\"https:\/\/www-dev.branas.se\/en\/bra-att-veta\/pris-och-snogaranti\/\">PRIS- OCH SN\u00d6GARANTI<\/a><\/p>\n<hr \/>\n<h2 style=\"text-align: center;\">In- och utchekning<\/h2>\n<p style=\"text-align: center;\">Inf\u00f6r resan kan det vara bra att veta vilka tider som g\u00e4ller f\u00f6r incheckning och var du h\u00e4mtar och l\u00e4mnar nycklarna.<\/p>\n<p style=\"text-align: center;\"><a class=\"btn btn--action\" href=\"https:\/\/www-dev.branas.se\/en\/bra-att-veta\/in-och-utcheckning\/\">IN- OCH UTCHECKNING<\/a><\/p>\n<hr \/>\n<h2 style=\"text-align: center;\">Om- och avbokning<\/h2>\n<p style=\"text-align: center;\">K\u00e4nn dig trygg n\u00e4r du bokar. Vi erbjuder ett av branschens mest gener\u00f6sa om- och avbokningsskydd. Hos oss f\u00e5r du pengarna tillbaka om du \u00e4ndrar dig eller om n\u00e5got ov\u00e4ntat skulle h\u00e4nda.<\/p>\n<p style=\"text-align: center;\"><a class=\"btn btn--action\" href=\"https:\/\/www-dev.branas.se\/en\/bra-att-veta\/om-och-avbokning\/\">OM- OCH AVBOKNING\u00a0<\/a><\/p>\n<\/div>","protected":false},"excerpt":{"rendered":"<p>F\u00e5 ut det mesta av din skidsemester genom att planera i f\u00f6rv\u00e4g. Hos Bran\u00e4s f\u00e5r du en trygg semester med b\u00e5de pris- och sn\u00f6garanti. Pris och sn\u00f6garanti Med v\u00e5r prisgaranti och sn\u00f6garanti kan du k\u00e4nna dig trygg n\u00e4r du bokar din resa till oss. Du beh\u00f6ver aldrig betala f\u00f6r en skidresa utan sn\u00f6. PRIS- OCH [&hellip;]<\/p>","protected":false},"author":2,"featured_media":0,"parent":0,"menu_order":0,"comment_status":"closed","ping_status":"closed","template":"","meta":{"_acf_changed":false,"footnotes":""},"class_list":["post-887","page","type-page","status-publish","hentry"],"acf":[],"_links":{"self":[{"href":"https:\/\/www-dev.branas.se\/en\/wp-json\/wp\/v2\/pages\/887"}],"collection":[{"href":"https:\/\/www-dev.branas.se\/en\/wp-json\/wp\/v2\/pages"}],"about":[{"href":"https:\/\/www-dev.branas.se\/en\/wp-json\/wp\/v2\/types\/page"}],"author":[{"embeddable":true,"href":"https:\/\/www-dev.branas.se\/en\/wp-json\/wp\/v2\/users\/2"}],"replies":[{"embeddable":true,"href":"https:\/\/www-dev.branas.se\/en\/wp-json\/wp\/v2\/comments?post=887"}],"version-history":[{"count":11,"href":"https:\/\/www-dev.branas.se\/en\/wp-json\/wp\/v2\/pages\/887\/revisions"}],"predecessor-version":[{"id":1789,"href":"https:\/\/www-dev.branas.se\/en\/wp-json\/wp\/v2\/pages\/887\/revisions\/1789"}],"wp:attachment":[{"href":"https:\/\/www-dev.branas.se\/en\/wp-json\/wp\/v2\/media?parent=887"}],"curies":[{"name":"wp","href":"https:\/\/api.w.org\/{rel}","templated":true}]}}