{"id":83,"date":"2018-10-11T09:47:45","date_gmt":"2018-10-11T07:47:45","guid":{"rendered":"https:\/\/www-dev.branas.se\/?page_id=83"},"modified":"2018-12-18T08:46:41","modified_gmt":"2018-12-18T08:46:41","slug":"camping","status":"publish","type":"page","link":"https:\/\/www-dev.branas.se\/en\/boende\/camping\/","title":{"rendered":"Camping"},"content":{"rendered":"<div class=\"ingress\">Bran\u00e4s camping \u00e4r ett prisv\u00e4rt boende f\u00f6r alla skidentusiaster endast 400 meter fr\u00e5n backarna.<\/div>\n<h2 style=\"text-align: center;\">Campingplatser<\/h2>\n<p style=\"text-align: center;\">I Bran\u00e4s finns 135 campinglatser med tillg\u00e5ng till el.<br \/>\nSe campingplatsernas placering i kartan \u00f6ver Campingen<\/p>\n<p style=\"text-align: center;\"><a class=\"btn btn--action\" href=\"https:\/\/cdn-dev.branasgruppen.se\/branas\/app\/uploads\/2018\/10\/30170749\/Campingkarta1.pdf\">Campingkarta<\/a><\/p>\n<hr \/>\n<h2>Bra att veta<\/h2>","protected":false},"excerpt":{"rendered":"<p>Bran\u00e4s camping \u00e4r ett prisv\u00e4rt boende f\u00f6r alla skidentusiaster endast 400 meter fr\u00e5n backarna. Campingplatser I Bran\u00e4s finns 135 campinglatser med tillg\u00e5ng till el. Se campingplatsernas placering i kartan \u00f6ver Campingen Campingkarta Bra att veta<\/p>","protected":false},"author":2,"featured_media":0,"parent":79,"menu_order":0,"comment_status":"closed","ping_status":"closed","template":"","meta":{"_acf_changed":false,"footnotes":""},"class_list":["post-83","page","type-page","status-publish","hentry"],"acf":[],"_links":{"self":[{"href":"https:\/\/www-dev.branas.se\/en\/wp-json\/wp\/v2\/pages\/83"}],"collection":[{"href":"https:\/\/www-dev.branas.se\/en\/wp-json\/wp\/v2\/pages"}],"about":[{"href":"https:\/\/www-dev.branas.se\/en\/wp-json\/wp\/v2\/types\/page"}],"author":[{"embeddable":true,"href":"https:\/\/www-dev.branas.se\/en\/wp-json\/wp\/v2\/users\/2"}],"replies":[{"embeddable":true,"href":"https:\/\/www-dev.branas.se\/en\/wp-json\/wp\/v2\/comments?post=83"}],"version-history":[{"count":17,"href":"https:\/\/www-dev.branas.se\/en\/wp-json\/wp\/v2\/pages\/83\/revisions"}],"predecessor-version":[{"id":1890,"href":"https:\/\/www-dev.branas.se\/en\/wp-json\/wp\/v2\/pages\/83\/revisions\/1890"}],"up":[{"embeddable":true,"href":"https:\/\/www-dev.branas.se\/en\/wp-json\/wp\/v2\/pages\/79"}],"wp:attachment":[{"href":"https:\/\/www-dev.branas.se\/en\/wp-json\/wp\/v2\/media?parent=83"}],"curies":[{"name":"wp","href":"https:\/\/api.w.org\/{rel}","templated":true}]}}