{"id":704,"date":"2018-11-05T09:34:13","date_gmt":"2018-11-05T09:34:13","guid":{"rendered":"https:\/\/www-dev.branas.se\/?page_id=704"},"modified":"2018-12-18T10:37:24","modified_gmt":"2018-12-18T10:37:24","slug":"take-away","status":"publish","type":"page","link":"https:\/\/www-dev.branas.se\/en\/mat-noje\/take-away\/","title":{"rendered":"Take Away och Utk\u00f6rning"},"content":{"rendered":"<h2 style=\"text-align: center;\">Take away &amp; Utk\u00f6rning<\/h2>\n<p style=\"text-align: center;\">Bor du p\u00e5 Bran\u00e4sberget kan du best\u00e4lla avh\u00e4mtning eller utk\u00f6rning av pizza fr\u00e5n Loftet. Du best\u00e4ller enkelt via appen Happy Order.<\/p>\n<p style=\"text-align: center;\">I Bran\u00e4s by kan du best\u00e4lla avh\u00e4mtning av pizza fr\u00e5n Dalmans i samma app.<\/p>\n<p style=\"text-align: center;\">L\u00e4nk f\u00f6r nedladdning av appen nedan.<\/p>","protected":false},"excerpt":{"rendered":"<p>Take away &amp; Utk\u00f6rning Bor du p\u00e5 Bran\u00e4sberget kan du best\u00e4lla avh\u00e4mtning eller utk\u00f6rning av pizza fr\u00e5n Loftet. Du best\u00e4ller enkelt via appen Happy Order. I Bran\u00e4s by kan du best\u00e4lla avh\u00e4mtning av pizza fr\u00e5n Dalmans i samma app. L\u00e4nk f\u00f6r nedladdning av appen nedan.<\/p>","protected":false},"author":2,"featured_media":0,"parent":85,"menu_order":9,"comment_status":"closed","ping_status":"closed","template":"","meta":{"_acf_changed":false,"footnotes":""},"class_list":["post-704","page","type-page","status-publish","hentry"],"acf":[],"_links":{"self":[{"href":"https:\/\/www-dev.branas.se\/en\/wp-json\/wp\/v2\/pages\/704"}],"collection":[{"href":"https:\/\/www-dev.branas.se\/en\/wp-json\/wp\/v2\/pages"}],"about":[{"href":"https:\/\/www-dev.branas.se\/en\/wp-json\/wp\/v2\/types\/page"}],"author":[{"embeddable":true,"href":"https:\/\/www-dev.branas.se\/en\/wp-json\/wp\/v2\/users\/2"}],"replies":[{"embeddable":true,"href":"https:\/\/www-dev.branas.se\/en\/wp-json\/wp\/v2\/comments?post=704"}],"version-history":[{"count":10,"href":"https:\/\/www-dev.branas.se\/en\/wp-json\/wp\/v2\/pages\/704\/revisions"}],"predecessor-version":[{"id":1983,"href":"https:\/\/www-dev.branas.se\/en\/wp-json\/wp\/v2\/pages\/704\/revisions\/1983"}],"up":[{"embeddable":true,"href":"https:\/\/www-dev.branas.se\/en\/wp-json\/wp\/v2\/pages\/85"}],"wp:attachment":[{"href":"https:\/\/www-dev.branas.se\/en\/wp-json\/wp\/v2\/media?parent=704"}],"curies":[{"name":"wp","href":"https:\/\/api.w.org\/{rel}","templated":true}]}}