{"id":583,"date":"2018-10-30T20:35:19","date_gmt":"2018-10-30T20:35:19","guid":{"rendered":"https:\/\/www-dev.branas.se\/?page_id=583"},"modified":"2018-12-05T20:29:21","modified_gmt":"2018-12-05T20:29:21","slug":"stugagare","status":"publish","type":"page","link":"https:\/\/www-dev.branas.se\/en\/stugagare\/","title":{"rendered":"Stug\u00e4gare"},"content":{"rendered":"<div class=\"ingress\">Vill du \u00e4ga ett eget boende i Bran\u00e4s? En egen stuga n\u00e4ra backarna \u00e4r dr\u00f6mmen f\u00f6r m\u00e5nga skid\u00e4lskare.\u00a0Stug\u00e4garportalen \u00e4r f\u00f6r dig som redan \u00e4ger stuga eller l\u00e4genhet i Bran\u00e4s och vill hyra ut den. Bran\u00e4s Fritidscenter hj\u00e4lper till med hela processen fr\u00e5n marknadsf\u00f6ring, g\u00e4stkontakt och allt praktiskt kring uthyrningen.<\/div>\n<div><\/div>","protected":false},"excerpt":{"rendered":"<p>Vill du \u00e4ga ett eget boende i Bran\u00e4s? En egen stuga n\u00e4ra backarna \u00e4r dr\u00f6mmen f\u00f6r m\u00e5nga skid\u00e4lskare.\u00a0Stug\u00e4garportalen \u00e4r f\u00f6r dig som redan \u00e4ger stuga eller l\u00e4genhet i Bran\u00e4s och vill hyra ut den. Bran\u00e4s Fritidscenter hj\u00e4lper till med hela processen fr\u00e5n marknadsf\u00f6ring, g\u00e4stkontakt och allt praktiskt kring uthyrningen.<\/p>","protected":false},"author":2,"featured_media":0,"parent":0,"menu_order":0,"comment_status":"closed","ping_status":"closed","template":"","meta":{"_acf_changed":false,"footnotes":""},"class_list":["post-583","page","type-page","status-publish","hentry"],"acf":[],"_links":{"self":[{"href":"https:\/\/www-dev.branas.se\/en\/wp-json\/wp\/v2\/pages\/583"}],"collection":[{"href":"https:\/\/www-dev.branas.se\/en\/wp-json\/wp\/v2\/pages"}],"about":[{"href":"https:\/\/www-dev.branas.se\/en\/wp-json\/wp\/v2\/types\/page"}],"author":[{"embeddable":true,"href":"https:\/\/www-dev.branas.se\/en\/wp-json\/wp\/v2\/users\/2"}],"replies":[{"embeddable":true,"href":"https:\/\/www-dev.branas.se\/en\/wp-json\/wp\/v2\/comments?post=583"}],"version-history":[{"count":10,"href":"https:\/\/www-dev.branas.se\/en\/wp-json\/wp\/v2\/pages\/583\/revisions"}],"predecessor-version":[{"id":1508,"href":"https:\/\/www-dev.branas.se\/en\/wp-json\/wp\/v2\/pages\/583\/revisions\/1508"}],"wp:attachment":[{"href":"https:\/\/www-dev.branas.se\/en\/wp-json\/wp\/v2\/media?parent=583"}],"curies":[{"name":"wp","href":"https:\/\/api.w.org\/{rel}","templated":true}]}}