{"id":579,"date":"2018-10-30T20:34:40","date_gmt":"2018-10-30T20:34:40","guid":{"rendered":"https:\/\/www-dev.branas.se\/?page_id=579"},"modified":"2018-12-18T10:09:02","modified_gmt":"2018-12-18T10:09:02","slug":"om-branasgruppen","status":"publish","type":"page","link":"https:\/\/www-dev.branas.se\/en\/om-branasgruppen\/","title":{"rendered":"Om Bran\u00e4sgruppen"},"content":{"rendered":"<div class=\"ingress\">Under b\u00f6rjan av 1960-talet v\u00e4cktes id\u00e9erna p\u00e5 en skidbacke i Bran\u00e4s. D\u00e5varande Finnskoga-Dalby kommun fick l\u00f6fte fr\u00e5n statsminister Tage Erlander om en miljon kronor i st\u00f6d. Detta f\u00f6rutsatt att n\u00e5gon driftig person skulle ta hand om projektet. Vid det tillf\u00e4llet fanns dock ingen som var villig att ansvara f\u00f6r bygget av en skidbacke i Bran\u00e4s.<\/div>\n<div><\/div>\n<div>\n<p>Det var f\u00f6rst under mitten av 1980-talet projektet fick en rej\u00e4l skjuts fram\u00e5t. LO-V\u00e4rmland tog sig an Bran\u00e4sprojektet, och tillsammans med HSB V\u00e4rmland och Landstinget i V\u00e4rmland lyckades finansieringen. I juli 1987 gavs beskedet att Bran\u00e4sprojektet skulle f\u00e5 statligt st\u00f6d. 1988 sattes spaden i marken och invigningen av anl\u00e4ggningen gjordes av kung Carl XVI Gustaf i december samma \u00e5r.<\/p>\n<p>Drygt 500 miljoner kronor investerades under de f\u00f6rsta \u00e5ren, d\u00e4refter blev det sv\u00e5rare eftersom kostnaderna drog i v\u00e4g och en konkurs var n\u00e4ra. 1992 gjordes ett ackord med fordrings\u00e4garna och skulderna skrevs ner med 75 %. HSB Sverige tog \u00f6ver anl\u00e4ggningen och drev den fram till 1999. D\u00e4refter tog de nuvarande \u00e4garna \u00f6ver Bran\u00e4s Fritidscenter AB och sedan 2004 tillh\u00f6r ocks\u00e5 Kungsbergets skidanl\u00e4ggning i Bran\u00e4skoncernen. I Koncernen ing\u00e5r \u00e4ven Vall\u00e5sens skidanl\u00e4ggning, Ulricehamn Ski Center, Storstensh\u00f6jden och Tolvmannabacken.<\/p>\n<h2>Kalla fakta om Bran\u00e4s<\/h2>\n<h3>S\u00e4song 2018-19<\/h3>\n<p>14 december \u2013 22 april<\/p>\n<h3>Antal pister\/nedfarter<\/h3>\n<p>30<\/p>\n<h3>Antal liftar<\/h3>\n<p>21 liftar inklusive gondollift och expresslift<\/p>\n<h3>L\u00e4ngsta \u00e5k<\/h3>\n<p>3 kilometer i ett \u00e5k<\/p>\n<h3>L\u00e4ngdsp\u00e5r<\/h3>\n<p>28 kilometer totalt<\/p>\n<h3>Skidskola och skiduthyrning<\/h3>\n<p>Ja<\/p>\n<h3>N\u00e4rlivs<\/h3>\n<p>Ja<\/p>\n<h3>Barnomr\u00e5de<\/h3>\n<p>3 stycken<\/p>\n<h3>Skicrossbana<\/h3>\n<p>1<\/p>\n<h3>Snowpark, funpark och big air bag:<\/h3>\n<p>Alla dagar till klockan 19:00<\/p>\n<h3>Kv\u00e4llsskid\u00e5kning:<\/h3>\n<p>Alla dagar till 19:00<\/p>\n<\/div>","protected":false},"excerpt":{"rendered":"<p>Under b\u00f6rjan av 1960-talet v\u00e4cktes id\u00e9erna p\u00e5 en skidbacke i Bran\u00e4s. D\u00e5varande Finnskoga-Dalby kommun fick l\u00f6fte fr\u00e5n statsminister Tage Erlander om en miljon kronor i st\u00f6d. Detta f\u00f6rutsatt att n\u00e5gon driftig person skulle ta hand om projektet. Vid det tillf\u00e4llet fanns dock ingen som var villig att ansvara f\u00f6r bygget av en skidbacke i Bran\u00e4s. [&hellip;]<\/p>","protected":false},"author":2,"featured_media":0,"parent":0,"menu_order":0,"comment_status":"closed","ping_status":"closed","template":"","meta":{"_acf_changed":false,"footnotes":""},"class_list":["post-579","page","type-page","status-publish","hentry"],"acf":[],"_links":{"self":[{"href":"https:\/\/www-dev.branas.se\/en\/wp-json\/wp\/v2\/pages\/579"}],"collection":[{"href":"https:\/\/www-dev.branas.se\/en\/wp-json\/wp\/v2\/pages"}],"about":[{"href":"https:\/\/www-dev.branas.se\/en\/wp-json\/wp\/v2\/types\/page"}],"author":[{"embeddable":true,"href":"https:\/\/www-dev.branas.se\/en\/wp-json\/wp\/v2\/users\/2"}],"replies":[{"embeddable":true,"href":"https:\/\/www-dev.branas.se\/en\/wp-json\/wp\/v2\/comments?post=579"}],"version-history":[{"count":7,"href":"https:\/\/www-dev.branas.se\/en\/wp-json\/wp\/v2\/pages\/579\/revisions"}],"predecessor-version":[{"id":1968,"href":"https:\/\/www-dev.branas.se\/en\/wp-json\/wp\/v2\/pages\/579\/revisions\/1968"}],"wp:attachment":[{"href":"https:\/\/www-dev.branas.se\/en\/wp-json\/wp\/v2\/media?parent=579"}],"curies":[{"name":"wp","href":"https:\/\/api.w.org\/{rel}","templated":true}]}}