{"id":571,"date":"2018-10-30T20:27:24","date_gmt":"2018-10-30T20:27:24","guid":{"rendered":"https:\/\/www-dev.branas.se\/?page_id=571"},"modified":"2018-12-18T09:20:19","modified_gmt":"2018-12-18T09:20:19","slug":"bjornbusarnas-skidpaket","status":"publish","type":"page","link":"https:\/\/www-dev.branas.se\/en\/bjornbusarna\/bjornbusarnas-skidpaket\/","title":{"rendered":"Bj\u00f6rnbusarnas skidpaket"},"content":{"rendered":"<div class=\"ingress\">Det f\u00f6rsta paketet kostar fr\u00e5n 1899 kronor. Byt till en l\u00e5g kostnad hur ofta du vill fram tills barnet har 140 cm l\u00e5nga skidor. Det sista skidpaketet f\u00e5r ni beh\u00e5lla. V\u00e4xapaketet g\u00e5r att k\u00f6pa\/byta p\u00e5 alla Bran\u00e4sgruppens anl\u00e4ggningar; Kungsberget, Ulricehamn Ski Center, Storstensh\u00f6jden, Tolvmannabacken och Vall\u00e5sen.<\/div>","protected":false},"excerpt":{"rendered":"<p>Det f\u00f6rsta paketet kostar fr\u00e5n 1899 kronor. Byt till en l\u00e5g kostnad hur ofta du vill fram tills barnet har 140 cm l\u00e5nga skidor. Det sista skidpaketet f\u00e5r ni beh\u00e5lla. V\u00e4xapaketet g\u00e5r att k\u00f6pa\/byta p\u00e5 alla Bran\u00e4sgruppens anl\u00e4ggningar; Kungsberget, Ulricehamn Ski Center, Storstensh\u00f6jden, Tolvmannabacken och Vall\u00e5sen.<\/p>","protected":false},"author":2,"featured_media":0,"parent":567,"menu_order":0,"comment_status":"closed","ping_status":"closed","template":"","meta":{"_acf_changed":false,"footnotes":""},"class_list":["post-571","page","type-page","status-publish","hentry"],"acf":[],"_links":{"self":[{"href":"https:\/\/www-dev.branas.se\/en\/wp-json\/wp\/v2\/pages\/571"}],"collection":[{"href":"https:\/\/www-dev.branas.se\/en\/wp-json\/wp\/v2\/pages"}],"about":[{"href":"https:\/\/www-dev.branas.se\/en\/wp-json\/wp\/v2\/types\/page"}],"author":[{"embeddable":true,"href":"https:\/\/www-dev.branas.se\/en\/wp-json\/wp\/v2\/users\/2"}],"replies":[{"embeddable":true,"href":"https:\/\/www-dev.branas.se\/en\/wp-json\/wp\/v2\/comments?post=571"}],"version-history":[{"count":17,"href":"https:\/\/www-dev.branas.se\/en\/wp-json\/wp\/v2\/pages\/571\/revisions"}],"predecessor-version":[{"id":1904,"href":"https:\/\/www-dev.branas.se\/en\/wp-json\/wp\/v2\/pages\/571\/revisions\/1904"}],"up":[{"embeddable":true,"href":"https:\/\/www-dev.branas.se\/en\/wp-json\/wp\/v2\/pages\/567"}],"wp:attachment":[{"href":"https:\/\/www-dev.branas.se\/en\/wp-json\/wp\/v2\/media?parent=571"}],"curies":[{"name":"wp","href":"https:\/\/api.w.org\/{rel}","templated":true}]}}