{"id":554,"date":"2018-10-30T20:16:14","date_gmt":"2018-10-30T20:16:14","guid":{"rendered":"https:\/\/www-dev.branas.se\/?page_id=554"},"modified":"2018-12-18T09:01:37","modified_gmt":"2018-12-18T09:01:37","slug":"narlivs","status":"publish","type":"page","link":"https:\/\/www-dev.branas.se\/en\/pa-plats\/narlivs\/","title":{"rendered":"N\u00e4rlivs"},"content":{"rendered":"<div class=\"ingress\">I Bran\u00e4s finns tv\u00e5 livsmedelsbutiker som s\u00e4ljer det mesta du beh\u00f6ver f\u00f6r en enkel och bekv\u00e4m vistelse hos oss. Du hittar en p\u00e5 Soltorget p\u00e5 Bran\u00e4sberget och en nere i byn.<\/div>\n<p><iframe loading=\"lazy\" title=\"Bran\u00e4s n\u00e4rlivs\" src=\"https:\/\/player.vimeo.com\/video\/208656549?dnt=1&amp;app_id=122963\" width=\"500\" height=\"281\" frameborder=\"0\" allow=\"autoplay; fullscreen; picture-in-picture; clipboard-write\"><\/iframe><\/p>\n<h2>Systembolaget<\/h2>\n<p>Ombud finns i Syssleb\u00e4ck och i Liken\u00e4s, b\u00e5da 8 kilometer fr\u00e5n Bran\u00e4s. Du kan g\u00f6ra dina dryckesbest\u00e4llningar p\u00e5 <a href=\"https:\/\/www.systembolaget.se\">www.systembolaget.se<\/a> till dessa ombud. Tj\u00e4nsten \u00e4r tillg\u00e4nglig dygnet runt och du f\u00e5r ett sms eller mejl n\u00e4r din best\u00e4llning finns att h\u00e4mta hos ombudet.<\/p>\n<p><a class=\"btn btn--action\" href=\"https:\/\/www.google.se\/maps\/place\/N%C3%A4ck%C3%A5v%C3%A4gen+21,+680+60+Syssleb%C3%A4ck\/@60.7344271,12.8631546,17z\/data=!3m1!4b1!4m5!3m4!1s0x46682ac0687fd0b1:0xaafeff332a956c1e!8m2!3d60.7344271!4d12.8653433\">Hitta till ombudet i Syssleb\u00e4ck<\/a><\/p>\n<p><a class=\"btn btn--action\" href=\"https:\/\/www.google.se\/maps\/place\/Liken%C3%A4s+Allk%C3%B6p+ICA\/@60.6156736,13.0388299,17z\/data=!3m1!4b1!4m5!3m4!1s0x4642836a292ef52d:0x9ae72d29de84a5c3!8m2!3d60.6156736!4d13.0410186\">Hitta till ombudet i Liken\u00e4s<\/a><\/p>\n<p><a class=\"btn btn--action\" href=\"https:\/\/www.google.se\/maps\/place\/Nya+torget+3,+685+30+Torsby\/@60.1351097,13.0057066,17z\/data=!3m1!4b1!4m5!3m4!1s0x4642e8a5d98b988f:0x69b494d6d82ad53f!8m2!3d60.1351097!4d13.0078953\">Systembolaget finns n\u00e4rmast i Torsby<\/a><\/p>","protected":false},"excerpt":{"rendered":"<p>I Bran\u00e4s finns tv\u00e5 livsmedelsbutiker som s\u00e4ljer det mesta du beh\u00f6ver f\u00f6r en enkel och bekv\u00e4m vistelse hos oss. Du hittar en p\u00e5 Soltorget p\u00e5 Bran\u00e4sberget och en nere i byn. Systembolaget Ombud finns i Syssleb\u00e4ck och i Liken\u00e4s, b\u00e5da 8 kilometer fr\u00e5n Bran\u00e4s. Du kan g\u00f6ra dina dryckesbest\u00e4llningar p\u00e5 www.systembolaget.se till dessa ombud. Tj\u00e4nsten [&hellip;]<\/p>","protected":false},"author":2,"featured_media":0,"parent":526,"menu_order":0,"comment_status":"closed","ping_status":"closed","template":"","meta":{"_acf_changed":false,"footnotes":""},"class_list":["post-554","page","type-page","status-publish","hentry"],"acf":[],"_links":{"self":[{"href":"https:\/\/www-dev.branas.se\/en\/wp-json\/wp\/v2\/pages\/554"}],"collection":[{"href":"https:\/\/www-dev.branas.se\/en\/wp-json\/wp\/v2\/pages"}],"about":[{"href":"https:\/\/www-dev.branas.se\/en\/wp-json\/wp\/v2\/types\/page"}],"author":[{"embeddable":true,"href":"https:\/\/www-dev.branas.se\/en\/wp-json\/wp\/v2\/users\/2"}],"replies":[{"embeddable":true,"href":"https:\/\/www-dev.branas.se\/en\/wp-json\/wp\/v2\/comments?post=554"}],"version-history":[{"count":11,"href":"https:\/\/www-dev.branas.se\/en\/wp-json\/wp\/v2\/pages\/554\/revisions"}],"predecessor-version":[{"id":1898,"href":"https:\/\/www-dev.branas.se\/en\/wp-json\/wp\/v2\/pages\/554\/revisions\/1898"}],"up":[{"embeddable":true,"href":"https:\/\/www-dev.branas.se\/en\/wp-json\/wp\/v2\/pages\/526"}],"wp:attachment":[{"href":"https:\/\/www-dev.branas.se\/en\/wp-json\/wp\/v2\/media?parent=554"}],"curies":[{"name":"wp","href":"https:\/\/api.w.org\/{rel}","templated":true}]}}