{"id":549,"date":"2018-10-30T20:12:38","date_gmt":"2018-10-30T20:12:38","guid":{"rendered":"https:\/\/www-dev.branas.se\/?page_id=549"},"modified":"2018-12-18T10:19:10","modified_gmt":"2018-12-18T10:19:10","slug":"matsack-i-backen","status":"publish","type":"page","link":"https:\/\/www-dev.branas.se\/en\/mat-noje\/matsack-i-backen\/","title":{"rendered":"Mats\u00e4ck i backen"},"content":{"rendered":"<div class=\"ingress\">F\u00f6r dig som vill ha med egen mats\u00e4ck finns sju grillplatser och tv\u00e5 v\u00e4rmestugor i Bran\u00e4s.<\/div>\n<div>\n<p>I Torpbacken finns en fin grillk\u00e5ta med vacker utsikt och vill du grilla korv finns den perfekta platsen med grillar nere i Bran\u00e4s by. Alldeles bredvid ligger v\u00e4rmestugan med sittplatser och toalett.<\/p>\n<p>Det finns tv\u00e5 v\u00e4rmestugor i Bran\u00e4s by och en p\u00e5 Bran\u00e4sberget. Alla grillplatser och v\u00e4rmestugor \u00e4r utm\u00e4rkta p\u00e5 pistkartan.<\/p>\n<p>F\u00f6r alla l\u00e4ngdskid\u00e5kare finns fina vindskydd l\u00e4ngs med skidsp\u00e5ren.<\/p>\n<hr \/>\n<\/div>","protected":false},"excerpt":{"rendered":"<p>F\u00f6r dig som vill ha med egen mats\u00e4ck finns sju grillplatser och tv\u00e5 v\u00e4rmestugor i Bran\u00e4s. I Torpbacken finns en fin grillk\u00e5ta med vacker utsikt och vill du grilla korv finns den perfekta platsen med grillar nere i Bran\u00e4s by. Alldeles bredvid ligger v\u00e4rmestugan med sittplatser och toalett. Det finns tv\u00e5 v\u00e4rmestugor i Bran\u00e4s by [&hellip;]<\/p>","protected":false},"author":2,"featured_media":0,"parent":85,"menu_order":20,"comment_status":"closed","ping_status":"closed","template":"","meta":{"_acf_changed":false,"footnotes":""},"class_list":["post-549","page","type-page","status-publish","hentry"],"acf":[],"_links":{"self":[{"href":"https:\/\/www-dev.branas.se\/en\/wp-json\/wp\/v2\/pages\/549"}],"collection":[{"href":"https:\/\/www-dev.branas.se\/en\/wp-json\/wp\/v2\/pages"}],"about":[{"href":"https:\/\/www-dev.branas.se\/en\/wp-json\/wp\/v2\/types\/page"}],"author":[{"embeddable":true,"href":"https:\/\/www-dev.branas.se\/en\/wp-json\/wp\/v2\/users\/2"}],"replies":[{"embeddable":true,"href":"https:\/\/www-dev.branas.se\/en\/wp-json\/wp\/v2\/comments?post=549"}],"version-history":[{"count":9,"href":"https:\/\/www-dev.branas.se\/en\/wp-json\/wp\/v2\/pages\/549\/revisions"}],"predecessor-version":[{"id":1945,"href":"https:\/\/www-dev.branas.se\/en\/wp-json\/wp\/v2\/pages\/549\/revisions\/1945"}],"up":[{"embeddable":true,"href":"https:\/\/www-dev.branas.se\/en\/wp-json\/wp\/v2\/pages\/85"}],"wp:attachment":[{"href":"https:\/\/www-dev.branas.se\/en\/wp-json\/wp\/v2\/media?parent=549"}],"curies":[{"name":"wp","href":"https:\/\/api.w.org\/{rel}","templated":true}]}}