{"id":45,"date":"2018-10-11T09:42:53","date_gmt":"2018-10-11T07:42:53","guid":{"rendered":"https:\/\/www-dev.branas.se\/?page_id=45"},"modified":"2018-12-17T13:23:33","modified_gmt":"2018-12-17T13:23:33","slug":"utkorning-av-utrustning","status":"publish","type":"page","link":"https:\/\/www-dev.branas.se\/en\/hyra-skidor\/utkorning-av-utrustning\/","title":{"rendered":"Utk\u00f6rning av utrustning"},"content":{"rendered":"<div class=\"ingress\">Boka utrustning f\u00f6r hela boendeperioden och minst 4 dagar i f\u00f6rv\u00e4g, s\u00e5 kan du \u00e4ven boka gratis utk\u00f6rning till ditt boende \u2013 och du kan kasta dig ut i pisten direkt efter incheck.<\/div>\n<p>Boende i M\u00e5rden, Mickelbyn, Lassiebyn, Sportsmans stugor, Ljungv\u00e4gen och Tinastorp f\u00e5r ist\u00e4llet f\u00f6r utk\u00f6rning, ett f\u00f6rvaringsb\u00e5s i skiduthyrningen fem meter fr\u00e5n \u00e5kbar sn\u00f6. I ditt skidn\u00e4ra b\u00e5s kan du f\u00f6rvara dina skor under dagen s\u00e5 att du kan g\u00e5 i dina bekv\u00e4ma skor till och fr\u00e5n ditt boende.<\/p>\n<p>F\u00f6r utk\u00f6rning g\u00e4ller ankomstdagarna torsdag och s\u00f6ndag och till boende i direkt anslutning till anl\u00e4ggningen. Boka utk\u00f6rning och nattf\u00f6rvaring samtidigt som du bokar boende.<\/p>\n<p style=\"text-align: center;\"><a class=\"btn btn--action\" href=\"https:\/\/www.branas.se\/bokning\/#\/boenden\">Boka boende och utrustning<\/a><br \/>\n<a class=\"btn btn--action\" href=\"https:\/\/www.branas.se\/bokning\/#\/mina-sidor\/bokningar\">L\u00e4gg till skidhyra till din bokning<\/a><\/p>\n<hr \/>","protected":false},"excerpt":{"rendered":"<p>Boka utrustning f\u00f6r hela boendeperioden och minst 4 dagar i f\u00f6rv\u00e4g, s\u00e5 kan du \u00e4ven boka gratis utk\u00f6rning till ditt boende \u2013 och du kan kasta dig ut i pisten direkt efter incheck. Boende i M\u00e5rden, Mickelbyn, Lassiebyn, Sportsmans stugor, Ljungv\u00e4gen och Tinastorp f\u00e5r ist\u00e4llet f\u00f6r utk\u00f6rning, ett f\u00f6rvaringsb\u00e5s i skiduthyrningen fem meter fr\u00e5n \u00e5kbar [&hellip;]<\/p>","protected":false},"author":2,"featured_media":0,"parent":374,"menu_order":3,"comment_status":"closed","ping_status":"closed","template":"","meta":{"_acf_changed":false,"footnotes":""},"class_list":["post-45","page","type-page","status-publish","hentry"],"acf":[],"_links":{"self":[{"href":"https:\/\/www-dev.branas.se\/en\/wp-json\/wp\/v2\/pages\/45"}],"collection":[{"href":"https:\/\/www-dev.branas.se\/en\/wp-json\/wp\/v2\/pages"}],"about":[{"href":"https:\/\/www-dev.branas.se\/en\/wp-json\/wp\/v2\/types\/page"}],"author":[{"embeddable":true,"href":"https:\/\/www-dev.branas.se\/en\/wp-json\/wp\/v2\/users\/2"}],"replies":[{"embeddable":true,"href":"https:\/\/www-dev.branas.se\/en\/wp-json\/wp\/v2\/comments?post=45"}],"version-history":[{"count":12,"href":"https:\/\/www-dev.branas.se\/en\/wp-json\/wp\/v2\/pages\/45\/revisions"}],"predecessor-version":[{"id":1818,"href":"https:\/\/www-dev.branas.se\/en\/wp-json\/wp\/v2\/pages\/45\/revisions\/1818"}],"up":[{"embeddable":true,"href":"https:\/\/www-dev.branas.se\/en\/wp-json\/wp\/v2\/pages\/374"}],"wp:attachment":[{"href":"https:\/\/www-dev.branas.se\/en\/wp-json\/wp\/v2\/media?parent=45"}],"curies":[{"name":"wp","href":"https:\/\/api.w.org\/{rel}","templated":true}]}}