{"id":35,"date":"2018-10-11T09:39:50","date_gmt":"2018-10-11T07:39:50","guid":{"rendered":"https:\/\/www-dev.branas.se\/?page_id=35"},"modified":"2018-12-18T11:33:22","modified_gmt":"2018-12-18T11:33:22","slug":"liftkort","status":"publish","type":"page","link":"https:\/\/www-dev.branas.se\/en\/skidakning-i-branas\/liftkort\/","title":{"rendered":"Liftkort"},"content":{"rendered":"<div class=\"ingress\">Har ni gamla liftkort hemma? Ladda korten enkelt via \u201dLadda liftkort\u201d nedan eller ladda ned v\u00e5r app &#8221;Min Skidresa&#8221; d\u00e4r du kan spara kortnumret f\u00f6r smidig framtida laddning. Alla barn under 8 \u00e5r \u00e5ker gratis men m\u00e5ste ha ett keycard.<\/div>\n<div>\n<p class=\"p1\" style=\"text-align: center;\"><a class=\"btn btn--action\" href=\"https:\/\/ladda.branas.se\/\">Ladda liftkort<\/a><\/p>\n<p style=\"text-align: center;\"><a class=\"btn btn--action\" href=\"https:\/\/www.branas.se\/bokning\/#\/mina-sidor\/bokningar\">L\u00e4gg till liftkort p\u00e5 boendebokning<\/a><\/p>\n<hr \/>\n<h2 style=\"text-align: center;\">Priser och varianter<\/h2>\n<table style=\"border-collapse: collapse; width: 100%;\" border=\"1\">\n<thead>\n<tr style=\"height: 21px;\">\n<th style=\"width: 25%; height: 21px; text-align: center;\">Typ<\/th>\n<th style=\"width: 25%; height: 21px; text-align: center;\">Vuxen<\/th>\n<th style=\"width: 25%; height: 21px; text-align: center;\">Ungdom<\/th>\n<th style=\"width: 25%; height: 21px; text-align: center;\">F\u00f6r\u00e4ldrakort*<\/th>\n<\/tr>\n<\/thead>\n<tbody>\n<tr style=\"height: 21px;\">\n<td style=\"width: 25%; height: 21px;\"><strong>Helgkort (Tors-S\u00f6n)<\/strong><\/td>\n<td style=\"width: 25%; height: 21px;\">1 275-<\/td>\n<td style=\"width: 25%; height: 21px;\">985:-<\/td>\n<td style=\"width: 25%; height: 21px;\">1 790:-<\/td>\n<\/tr>\n<tr style=\"height: 21px;\">\n<td style=\"width: 25%; height: 21px;\"><strong>Kortvecka (S\u00f6n-tors)*<\/strong><\/td>\n<td style=\"width: 25%; height: 21px;\">1 575:-<\/td>\n<td style=\"width: 25%; height: 21px;\">1 270:-<\/td>\n<td style=\"width: 25%;\">2 210:-<\/td>\n<\/tr>\n<tr style=\"height: 21px;\">\n<td style=\"width: 25%; height: 21px;\"><strong>Vecka 6-8 dagar<\/strong><\/td>\n<td style=\"width: 25%; height: 21px;\">1895:-<\/td>\n<td style=\"width: 25%; height: 21px;\">1 470:-<\/td>\n<td style=\"width: 25%;\">2 650:-<\/td>\n<\/tr>\n<tr style=\"height: 21px;\">\n<td style=\"width: 25%; height: 21px;\"><strong>3-timmar<\/strong><\/td>\n<td style=\"width: 25%; height: 21px;\">\u00a0375:-<\/td>\n<td style=\"width: 25%; height: 21px;\">295:-<\/td>\n<td style=\"width: 25%;\">&#8211;<\/td>\n<\/tr>\n<tr style=\"height: 21px;\">\n<td style=\"width: 25%; height: 21px;\"><strong>1 dag<\/strong><\/td>\n<td style=\"width: 25%; height: 21px;\">420:-<\/td>\n<td style=\"width: 25%; height: 21px;\">325:-<\/td>\n<td style=\"width: 25%; height: 21px;\">590:-<\/td>\n<\/tr>\n<tr style=\"height: 21px;\">\n<td style=\"width: 25%; height: 21px;\"><strong>2 dagar<\/strong><\/td>\n<td style=\"width: 25%; height: 21px;\">825:-<\/td>\n<td style=\"width: 25%; height: 21px;\">645:-<\/td>\n<td style=\"width: 25%; height: 21px;\">1160:-<\/td>\n<\/tr>\n<tr style=\"height: 21px;\">\n<td style=\"width: 25%; height: 21px;\"><strong>3 dagar<\/strong><\/td>\n<td style=\"width: 25%; height: 21px;\">1 185:-<\/td>\n<td style=\"width: 25%; height: 21px;\">940:-<\/td>\n<td style=\"width: 25%; height: 21px;\">1660:-<\/td>\n<\/tr>\n<tr style=\"height: 21px;\">\n<td style=\"width: 25%; height: 21px;\"><strong>4 dagar<\/strong><\/td>\n<td style=\"width: 25%; height: 21px;\">\u00a01 520:-<\/td>\n<td style=\"width: 25%; height: 21px;\">1190:-<\/td>\n<td style=\"width: 25%; height: 21px;\">2130:-<\/td>\n<\/tr>\n<tr style=\"height: 21px;\">\n<td style=\"width: 25%; height: 21px;\"><strong>5 dagar<\/strong><\/td>\n<td style=\"width: 25%; height: 21px;\">1 795:-<\/td>\n<td style=\"width: 25%; height: 21px;\">1 430:-<\/td>\n<td style=\"width: 25%; height: 21px;\">\u00a02510:-<\/td>\n<\/tr>\n<tr style=\"height: 21px;\">\n<td style=\"width: 25%; height: 21px;\"><strong>9 dagar<\/strong><\/td>\n<td style=\"width: 25%; height: 21px;\">\u00a02 050:-<\/td>\n<td style=\"width: 25%; height: 21px;\">1 595:-<\/td>\n<td style=\"width: 25%; height: 21px;\">2870:-<\/td>\n<\/tr>\n<tr style=\"height: 17px;\">\n<td style=\"width: 25%; height: 17px;\"><strong>10 dagar<br \/>\n<\/strong><\/td>\n<td style=\"width: 25%; height: 17px;\">\u00a02 250:-<\/td>\n<td style=\"width: 25%; height: 17px;\">1 695:-<\/td>\n<td style=\"width: 25%; height: 17px;\">3150:-<\/td>\n<\/tr>\n<tr style=\"height: 17px;\">\n<td style=\"width: 25%; height: 17px;\"><strong>11 dagar<br \/>\n<\/strong><\/td>\n<td style=\"width: 25%; height: 17px;\">\u00a02 430:-<\/td>\n<td style=\"width: 25%; height: 17px;\">1 805:-<\/td>\n<td style=\"width: 25%; height: 17px;\">3400:-<\/td>\n<\/tr>\n<tr style=\"height: 17px;\">\n<td style=\"width: 25%; height: 17px;\"><strong>12 dagar<br \/>\n<\/strong><\/td>\n<td style=\"width: 25%; height: 17px;\">2 590:-<\/td>\n<td style=\"width: 25%; height: 17px;\">1 925:-<\/td>\n<td style=\"width: 25%; height: 17px;\">3630:-<\/td>\n<\/tr>\n<tr style=\"height: 17px;\">\n<td style=\"width: 25%; height: 17px;\"><strong>13 dagar<br \/>\n<\/strong><\/td>\n<td style=\"width: 25%; height: 17px;\">\u00a02 750:-<\/td>\n<td style=\"width: 25%;\">2 010:-<\/td>\n<td style=\"width: 25%; height: 17px;\">3850:-<\/td>\n<\/tr>\n<tr style=\"height: 17px;\">\n<td style=\"width: 25%; height: 17px;\"><strong>14 dagar<br \/>\n<\/strong><\/td>\n<td style=\"width: 25%; height: 17px;\">\u00a02 890:-<\/td>\n<td style=\"width: 25%;\">2 140:-<\/td>\n<td style=\"width: 25%; height: 17px;\">4050:-<\/td>\n<\/tr>\n<tr style=\"height: 17px;\">\n<td style=\"width: 25%; height: 17px;\"><strong>15 dagar<br \/>\n<\/strong><\/td>\n<td style=\"width: 25%; height: 17px;\">\u00a03 010:-<\/td>\n<td style=\"width: 25%;\">2 250:-<\/td>\n<td style=\"width: 25%;\">4210:-<\/td>\n<\/tr>\n<tr style=\"height: 17px;\">\n<td style=\"width: 25%; height: 17px;\"><strong>S\u00e4songkort<\/strong><\/td>\n<td style=\"width: 25%; height: 17px;\">4 775:-<\/td>\n<td style=\"width: 25%;\">3 635:-<\/td>\n<td style=\"width: 25%; height: 17px;\">&#8211;<\/td>\n<\/tr>\n<\/tbody>\n<\/table>\n<hr \/>\n<\/div>","protected":false},"excerpt":{"rendered":"<p>Har ni gamla liftkort hemma? Ladda korten enkelt via \u201dLadda liftkort\u201d nedan eller ladda ned v\u00e5r app &#8221;Min Skidresa&#8221; d\u00e4r du kan spara kortnumret f\u00f6r smidig framtida laddning. Alla barn under 8 \u00e5r \u00e5ker gratis men m\u00e5ste ha ett keycard. Ladda liftkort L\u00e4gg till liftkort p\u00e5 boendebokning Priser och varianter Typ Vuxen Ungdom F\u00f6r\u00e4ldrakort* Helgkort [&hellip;]<\/p>","protected":false},"author":2,"featured_media":0,"parent":368,"menu_order":0,"comment_status":"closed","ping_status":"closed","template":"","meta":{"_acf_changed":false,"footnotes":""},"class_list":["post-35","page","type-page","status-publish","hentry"],"acf":[],"_links":{"self":[{"href":"https:\/\/www-dev.branas.se\/en\/wp-json\/wp\/v2\/pages\/35"}],"collection":[{"href":"https:\/\/www-dev.branas.se\/en\/wp-json\/wp\/v2\/pages"}],"about":[{"href":"https:\/\/www-dev.branas.se\/en\/wp-json\/wp\/v2\/types\/page"}],"author":[{"embeddable":true,"href":"https:\/\/www-dev.branas.se\/en\/wp-json\/wp\/v2\/users\/2"}],"replies":[{"embeddable":true,"href":"https:\/\/www-dev.branas.se\/en\/wp-json\/wp\/v2\/comments?post=35"}],"version-history":[{"count":44,"href":"https:\/\/www-dev.branas.se\/en\/wp-json\/wp\/v2\/pages\/35\/revisions"}],"predecessor-version":[{"id":2001,"href":"https:\/\/www-dev.branas.se\/en\/wp-json\/wp\/v2\/pages\/35\/revisions\/2001"}],"up":[{"embeddable":true,"href":"https:\/\/www-dev.branas.se\/en\/wp-json\/wp\/v2\/pages\/368"}],"wp:attachment":[{"href":"https:\/\/www-dev.branas.se\/en\/wp-json\/wp\/v2\/media?parent=35"}],"curies":[{"name":"wp","href":"https:\/\/api.w.org\/{rel}","templated":true}]}}