{"id":310,"date":"2018-10-30T06:36:42","date_gmt":"2018-10-30T06:36:42","guid":{"rendered":"https:\/\/www-dev.branas.se\/?page_id=310"},"modified":"2018-12-18T09:41:57","modified_gmt":"2018-12-18T09:41:57","slug":"atervinning","status":"publish","type":"page","link":"https:\/\/www-dev.branas.se\/en\/pa-plats\/atervinning\/","title":{"rendered":"\u00c5tervinning"},"content":{"rendered":"<div class=\"ingress\">I Bran\u00e4s finns flera \u00e5tervinningsstationer b\u00e5de i Bran\u00e4s By och p\u00e5 Berget. Vid infarten i Bran\u00e4s By finns en fullst\u00e4ndig station f\u00f6r hush\u00e5llsavfall, PET-flaskor, glas, metall, plast, tidningar och pappersf\u00f6rpackningar.<\/div>\n<p>N\u00e4r s\u00e4songen \u00e4r slut r\u00e4knar vi ihop panten som sk\u00e4nkts vid v\u00e5ra \u00e5tervinningsstationer. Bran\u00e4s dubblar den summan och delar ut den i ett ungdomsstipendie f\u00f6r att fr\u00e4mja lokala idrottssatsningar.\u00a0 Vi har gjort detta i fem \u00e5r och summan brukar landa p\u00e5 120 000:- per \u00e5r.<\/p>\n<p>F\u00f6r oss \u00e4r det viktigt att g\u00f6ra s\u00e5 sm\u00e5 klimatavtryck som m\u00f6jligt, och vi tackar dig f\u00f6r att du hj\u00e4lper oss med sopsorteringen.<\/p>\n<p>Psst! All v\u00e5r el kommer fr\u00e5n f\u00f6rnyelsebara energik\u00e4llor.<\/p>","protected":false},"excerpt":{"rendered":"<p>I Bran\u00e4s finns flera \u00e5tervinningsstationer b\u00e5de i Bran\u00e4s By och p\u00e5 Berget. Vid infarten i Bran\u00e4s By finns en fullst\u00e4ndig station f\u00f6r hush\u00e5llsavfall, PET-flaskor, glas, metall, plast, tidningar och pappersf\u00f6rpackningar. N\u00e4r s\u00e4songen \u00e4r slut r\u00e4knar vi ihop panten som sk\u00e4nkts vid v\u00e5ra \u00e5tervinningsstationer. Bran\u00e4s dubblar den summan och delar ut den i ett ungdomsstipendie f\u00f6r [&hellip;]<\/p>","protected":false},"author":2,"featured_media":0,"parent":526,"menu_order":0,"comment_status":"closed","ping_status":"closed","template":"","meta":{"_acf_changed":false,"footnotes":""},"class_list":["post-310","page","type-page","status-publish","hentry"],"acf":[],"_links":{"self":[{"href":"https:\/\/www-dev.branas.se\/en\/wp-json\/wp\/v2\/pages\/310"}],"collection":[{"href":"https:\/\/www-dev.branas.se\/en\/wp-json\/wp\/v2\/pages"}],"about":[{"href":"https:\/\/www-dev.branas.se\/en\/wp-json\/wp\/v2\/types\/page"}],"author":[{"embeddable":true,"href":"https:\/\/www-dev.branas.se\/en\/wp-json\/wp\/v2\/users\/2"}],"replies":[{"embeddable":true,"href":"https:\/\/www-dev.branas.se\/en\/wp-json\/wp\/v2\/comments?post=310"}],"version-history":[{"count":14,"href":"https:\/\/www-dev.branas.se\/en\/wp-json\/wp\/v2\/pages\/310\/revisions"}],"predecessor-version":[{"id":1932,"href":"https:\/\/www-dev.branas.se\/en\/wp-json\/wp\/v2\/pages\/310\/revisions\/1932"}],"up":[{"embeddable":true,"href":"https:\/\/www-dev.branas.se\/en\/wp-json\/wp\/v2\/pages\/526"}],"wp:attachment":[{"href":"https:\/\/www-dev.branas.se\/en\/wp-json\/wp\/v2\/media?parent=310"}],"curies":[{"name":"wp","href":"https:\/\/api.w.org\/{rel}","templated":true}]}}