{"id":307,"date":"2018-10-30T06:34:37","date_gmt":"2018-10-30T06:34:37","guid":{"rendered":"https:\/\/www-dev.branas.se\/?page_id=307"},"modified":"2018-12-15T11:49:44","modified_gmt":"2018-12-15T11:49:44","slug":"pris-och-snogaranti","status":"publish","type":"page","link":"https:\/\/www-dev.branas.se\/en\/bra-att-veta\/pris-och-snogaranti\/","title":{"rendered":"Pris och sn\u00f6garanti"},"content":{"rendered":"<div class=\"ingress\">Med v\u00e5r prisgaranti och sn\u00f6garanti kan du k\u00e4nna dig trygg n\u00e4r du bokar din resa till oss. Du beh\u00f6ver aldrig betala f\u00f6r en skidresa utan sn\u00f6.<\/div>\n<h2 style=\"text-align: center;\">Sn\u00f6garanti<\/h2>\n<p style=\"text-align: center;\">V\u00e5r sn\u00f6garanti inneb\u00e4r att om det inte \u00e4r minst tv\u00e5 pister \u00f6ppna under s\u00e4songen och du p\u00e5 grund av det inte vill vara kvar, s\u00e5 f\u00e5r du pengarna tillbaka.<\/p>\n<hr \/>\n<h2 style=\"text-align: center;\">Prisgaranti<\/h2>\n<p style=\"text-align: center;\">Prisgarantin inneb\u00e4r att priset inte \u00e4ndras beroende p\u00e5 hur n\u00e4ra ankomstdatum du bokar. Fasta priser, helt enkelt.<\/p>\n<hr \/>\n<p style=\"text-align: center;\"><a class=\"btn btn--action\" href=\"https:\/\/cdn-dev.branasgruppen.se\/branas\/app\/uploads\/2018\/11\/14133301\/Bokningsregler-BR-18-19.pdf\">Se v\u00e5ra bokningsregler<\/a><\/p>","protected":false},"excerpt":{"rendered":"<p>Med v\u00e5r prisgaranti och sn\u00f6garanti kan du k\u00e4nna dig trygg n\u00e4r du bokar din resa till oss. Du beh\u00f6ver aldrig betala f\u00f6r en skidresa utan sn\u00f6. Sn\u00f6garanti V\u00e5r sn\u00f6garanti inneb\u00e4r att om det inte \u00e4r minst tv\u00e5 pister \u00f6ppna under s\u00e4songen och du p\u00e5 grund av det inte vill vara kvar, s\u00e5 f\u00e5r du pengarna [&hellip;]<\/p>","protected":false},"author":2,"featured_media":0,"parent":887,"menu_order":0,"comment_status":"closed","ping_status":"closed","template":"","meta":{"_acf_changed":false,"footnotes":""},"class_list":["post-307","page","type-page","status-publish","hentry"],"acf":[],"_links":{"self":[{"href":"https:\/\/www-dev.branas.se\/en\/wp-json\/wp\/v2\/pages\/307"}],"collection":[{"href":"https:\/\/www-dev.branas.se\/en\/wp-json\/wp\/v2\/pages"}],"about":[{"href":"https:\/\/www-dev.branas.se\/en\/wp-json\/wp\/v2\/types\/page"}],"author":[{"embeddable":true,"href":"https:\/\/www-dev.branas.se\/en\/wp-json\/wp\/v2\/users\/2"}],"replies":[{"embeddable":true,"href":"https:\/\/www-dev.branas.se\/en\/wp-json\/wp\/v2\/comments?post=307"}],"version-history":[{"count":13,"href":"https:\/\/www-dev.branas.se\/en\/wp-json\/wp\/v2\/pages\/307\/revisions"}],"predecessor-version":[{"id":1787,"href":"https:\/\/www-dev.branas.se\/en\/wp-json\/wp\/v2\/pages\/307\/revisions\/1787"}],"up":[{"embeddable":true,"href":"https:\/\/www-dev.branas.se\/en\/wp-json\/wp\/v2\/pages\/887"}],"wp:attachment":[{"href":"https:\/\/www-dev.branas.se\/en\/wp-json\/wp\/v2\/media?parent=307"}],"curies":[{"name":"wp","href":"https:\/\/api.w.org\/{rel}","templated":true}]}}