{"id":29,"date":"2018-10-11T09:37:24","date_gmt":"2018-10-11T07:37:24","guid":{"rendered":"https:\/\/www-dev.branas.se\/?page_id=29"},"modified":"2018-12-03T18:55:32","modified_gmt":"2018-12-03T18:55:32","slug":"pistkarta","status":"publish","type":"page","link":"https:\/\/www-dev.branas.se\/en\/skidakning\/pistkarta\/","title":{"rendered":"Pistkarta"},"content":{"rendered":"<div class=\"ingress\">Pistkartan ger en bra \u00f6verblick \u00f6ver hela anl\u00e4ggningen med skidbackar, liftar, stugor, restauranger och annat. H\u00e4r kan du se hur backarna h\u00e4nger ihop och vilka stugomr\u00e5den som ligger var.<\/div>\n<h2 style=\"text-align: center;\"><strong>Pistkarta<\/strong><\/h2>\n<p><a href=\"https:\/\/cdn-dev.branasgruppen.se\/branas\/app\/uploads\/2018\/10\/30170414\/branas_piste_2-9-2_newsymbol_1-9mb.jpg\"><img loading=\"lazy\" decoding=\"async\" class=\"alignnone wp-image-495 aligncenter\" src=\"https:\/\/cdn-dev.branasgruppen.se\/branas\/app\/uploads\/2018\/10\/30170414\/branas_piste_2-9-2_newsymbol_1-9mb-300x235.jpg\" alt=\"\" width=\"600\" height=\"470\" srcset=\"https:\/\/cdn-dev.branasgruppen.se\/branas\/app\/uploads\/2018\/10\/30170414\/branas_piste_2-9-2_newsymbol_1-9mb-300x235.jpg 300w, https:\/\/cdn-dev.branasgruppen.se\/branas\/app\/uploads\/2018\/10\/30170414\/branas_piste_2-9-2_newsymbol_1-9mb-768x602.jpg 768w, https:\/\/cdn-dev.branasgruppen.se\/branas\/app\/uploads\/2018\/10\/30170414\/branas_piste_2-9-2_newsymbol_1-9mb-1024x802.jpg 1024w, https:\/\/cdn-dev.branasgruppen.se\/branas\/app\/uploads\/2018\/10\/30170414\/branas_piste_2-9-2_newsymbol_1-9mb.jpg 1580w\" sizes=\"(max-width: 600px) 100vw, 600px\" \/><\/a><\/p>\n<p style=\"text-align: center;\">Klicka p\u00e5 bilden f\u00f6r att se en st\u00f6rre version.<\/p>\n<p style=\"text-align: center;\">","protected":false},"excerpt":{"rendered":"<p>Pistkartan ger en bra \u00f6verblick \u00f6ver hela anl\u00e4ggningen med skidbackar, liftar, stugor, restauranger och annat. H\u00e4r kan du se hur backarna h\u00e4nger ihop och vilka stugomr\u00e5den som ligger var. Pistkarta Klicka p\u00e5 bilden f\u00f6r att se en st\u00f6rre version.<\/p>","protected":false},"author":2,"featured_media":0,"parent":23,"menu_order":0,"comment_status":"closed","ping_status":"closed","template":"","meta":{"_acf_changed":false,"footnotes":""},"class_list":["post-29","page","type-page","status-publish","hentry"],"acf":[],"_links":{"self":[{"href":"https:\/\/www-dev.branas.se\/en\/wp-json\/wp\/v2\/pages\/29"}],"collection":[{"href":"https:\/\/www-dev.branas.se\/en\/wp-json\/wp\/v2\/pages"}],"about":[{"href":"https:\/\/www-dev.branas.se\/en\/wp-json\/wp\/v2\/types\/page"}],"author":[{"embeddable":true,"href":"https:\/\/www-dev.branas.se\/en\/wp-json\/wp\/v2\/users\/2"}],"replies":[{"embeddable":true,"href":"https:\/\/www-dev.branas.se\/en\/wp-json\/wp\/v2\/comments?post=29"}],"version-history":[{"count":11,"href":"https:\/\/www-dev.branas.se\/en\/wp-json\/wp\/v2\/pages\/29\/revisions"}],"predecessor-version":[{"id":1382,"href":"https:\/\/www-dev.branas.se\/en\/wp-json\/wp\/v2\/pages\/29\/revisions\/1382"}],"up":[{"embeddable":true,"href":"https:\/\/www-dev.branas.se\/en\/wp-json\/wp\/v2\/pages\/23"}],"wp:attachment":[{"href":"https:\/\/www-dev.branas.se\/en\/wp-json\/wp\/v2\/media?parent=29"}],"curies":[{"name":"wp","href":"https:\/\/api.w.org\/{rel}","templated":true}]}}