{"id":1592,"date":"2018-12-08T14:13:45","date_gmt":"2018-12-08T14:13:45","guid":{"rendered":"https:\/\/www-dev.branas.se\/?page_id=1592"},"modified":"2018-12-15T12:00:46","modified_gmt":"2018-12-15T12:00:46","slug":"boka-nyarsmiddag","status":"publish","type":"page","link":"https:\/\/www-dev.branas.se\/en\/mat-noje\/boka-nyarsmiddag\/","title":{"rendered":"Boka ny\u00e5rsmiddag"},"content":{"rendered":"<div class=\"ingress\">Fira in det nya \u00e5ret med oss i Bran\u00e4s. Vi serverar en festlig meny f\u00f6r den r\u00e4tta ny\u00e5rsk\u00e4nslan.<br \/>\nNy\u00e5rsmenyn serveras i alla byns restauranger samt p\u00e5 Ladan och Loftet.<br \/>\nSittningstider \u00e4r\u00a0kl\u00a018.00, 19.00\u00a0eller 20.00.<\/div>\n<p style=\"text-align: center;\"><a class=\"btn btn--action\" href=\"https:\/\/cdn-dev.branasgruppen.se\/branas\/app\/uploads\/2018\/12\/15115839\/Nya%CC%8Arsmeny-Brana%CC%88s-18-19.pdf\">NY\u00c5RSMENY<\/a><\/p>\n<p style=\"text-align: center;\"><a class=\"btn btn--action\" href=\"https:\/\/cdn-dev.branasgruppen.se\/branas\/app\/uploads\/2018\/12\/15115838\/Nya%CC%8Arsmeny-barn-18-19.pdf\">Ny\u00e5rsmeny f\u00f6r barn<\/a><\/p>\n<hr \/>\n<ul>\n<li class=\"p1\">3-r\u00e4tters 489:-\/per person<\/li>\n<li class=\"p1\">Vegetarisk 3-r\u00e4tters 429 :-\/per person<\/li>\n<li class=\"p1\">3-r\u00e4tters barn (4-12 \u00e5r): 149:-\/per person<\/li>\n<li class=\"p1\">Barn 0-3 \u00e5r: gratis<\/li>\n<\/ul>\n<p>Ring oss f\u00f6r att boka ny\u00e5rsmeny p\u00e5 054-13 26 00 \u2013 v\u00e4lj Bran\u00e4s\/Bokning (inte restaurang)<br \/>\nHj\u00e4rtligt v\u00e4lkomna!<\/p>","protected":false},"excerpt":{"rendered":"<p>Fira in det nya \u00e5ret med oss i Bran\u00e4s. Vi serverar en festlig meny f\u00f6r den r\u00e4tta ny\u00e5rsk\u00e4nslan. Ny\u00e5rsmenyn serveras i alla byns restauranger samt p\u00e5 Ladan och Loftet. Sittningstider \u00e4r\u00a0kl\u00a018.00, 19.00\u00a0eller 20.00. NY\u00c5RSMENY Ny\u00e5rsmeny f\u00f6r barn 3-r\u00e4tters 489:-\/per person Vegetarisk 3-r\u00e4tters 429 :-\/per person 3-r\u00e4tters barn (4-12 \u00e5r): 149:-\/per person Barn 0-3 \u00e5r: gratis [&hellip;]<\/p>","protected":false},"author":2,"featured_media":0,"parent":85,"menu_order":0,"comment_status":"closed","ping_status":"closed","template":"","meta":{"_acf_changed":false,"footnotes":""},"class_list":["post-1592","page","type-page","status-publish","hentry"],"acf":[],"_links":{"self":[{"href":"https:\/\/www-dev.branas.se\/en\/wp-json\/wp\/v2\/pages\/1592"}],"collection":[{"href":"https:\/\/www-dev.branas.se\/en\/wp-json\/wp\/v2\/pages"}],"about":[{"href":"https:\/\/www-dev.branas.se\/en\/wp-json\/wp\/v2\/types\/page"}],"author":[{"embeddable":true,"href":"https:\/\/www-dev.branas.se\/en\/wp-json\/wp\/v2\/users\/2"}],"replies":[{"embeddable":true,"href":"https:\/\/www-dev.branas.se\/en\/wp-json\/wp\/v2\/comments?post=1592"}],"version-history":[{"count":5,"href":"https:\/\/www-dev.branas.se\/en\/wp-json\/wp\/v2\/pages\/1592\/revisions"}],"predecessor-version":[{"id":1796,"href":"https:\/\/www-dev.branas.se\/en\/wp-json\/wp\/v2\/pages\/1592\/revisions\/1796"}],"up":[{"embeddable":true,"href":"https:\/\/www-dev.branas.se\/en\/wp-json\/wp\/v2\/pages\/85"}],"wp:attachment":[{"href":"https:\/\/www-dev.branas.se\/en\/wp-json\/wp\/v2\/media?parent=1592"}],"curies":[{"name":"wp","href":"https:\/\/api.w.org\/{rel}","templated":true}]}}