{"id":115,"date":"2018-10-11T09:52:12","date_gmt":"2018-10-11T07:52:12","guid":{"rendered":"https:\/\/www-dev.branas.se\/?page_id=115"},"modified":"2018-11-06T10:02:38","modified_gmt":"2018-11-06T10:02:38","slug":"nyheter-press","status":"publish","type":"page","link":"https:\/\/www-dev.branas.se\/en\/nyheter-press\/","title":{"rendered":"Nyheter &#038; press"},"content":{"rendered":"<h2>Kontakt pressmaterial<\/h2>\n<p>Mikael Elford<br \/>\nMarknads- och f\u00f6rs\u00e4ljningschef, Bran\u00e4sgruppen<br \/>\nTelefon 054 13 26 00<br \/>\nmikael.elford@branasgruppen.se<\/p>\n<h2>Presskontakt \u00f6vriga \u00e4renden<\/h2>\n<p>Presskontakt \u00f6vriga \u00e4renden<br \/>\nAnders Kj\u00e4llstr\u00f6m<br \/>\nvd, Bran\u00e4sgruppen<br \/>\n054 13 26 00<\/p>\n<p>Bildr\u00e4ttigheter: Bran\u00e4sgruppen med skidanl\u00e4ggningarna Bran\u00e4s, Kungsberget, Vall\u00e5sen, Ulricehamn, Tolvmannabacken och Storstensh\u00f6jden \u00e4ger r\u00e4ttigheterna till alla bilder p\u00e5 den h\u00e4r hemsidan. Du f\u00e5r g\u00e4rna publicera bilderna men m\u00e4rk dem alltid med anl\u00e4ggningens namn samt fotografens namn.<\/p>","protected":false},"excerpt":{"rendered":"<p>Kontakt pressmaterial Mikael Elford Marknads- och f\u00f6rs\u00e4ljningschef, Bran\u00e4sgruppen Telefon 054 13 26 00 mikael.elford@branasgruppen.se Presskontakt \u00f6vriga \u00e4renden Presskontakt \u00f6vriga \u00e4renden Anders Kj\u00e4llstr\u00f6m vd, Bran\u00e4sgruppen 054 13 26 00 Bildr\u00e4ttigheter: Bran\u00e4sgruppen med skidanl\u00e4ggningarna Bran\u00e4s, Kungsberget, Vall\u00e5sen, Ulricehamn, Tolvmannabacken och Storstensh\u00f6jden \u00e4ger r\u00e4ttigheterna till alla bilder p\u00e5 den h\u00e4r hemsidan. Du f\u00e5r g\u00e4rna publicera bilderna men m\u00e4rk [&hellip;]<\/p>","protected":false},"author":2,"featured_media":0,"parent":0,"menu_order":0,"comment_status":"closed","ping_status":"closed","template":"","meta":{"_acf_changed":false,"footnotes":""},"class_list":["post-115","page","type-page","status-publish","hentry"],"acf":[],"_links":{"self":[{"href":"https:\/\/www-dev.branas.se\/en\/wp-json\/wp\/v2\/pages\/115"}],"collection":[{"href":"https:\/\/www-dev.branas.se\/en\/wp-json\/wp\/v2\/pages"}],"about":[{"href":"https:\/\/www-dev.branas.se\/en\/wp-json\/wp\/v2\/types\/page"}],"author":[{"embeddable":true,"href":"https:\/\/www-dev.branas.se\/en\/wp-json\/wp\/v2\/users\/2"}],"replies":[{"embeddable":true,"href":"https:\/\/www-dev.branas.se\/en\/wp-json\/wp\/v2\/comments?post=115"}],"version-history":[{"count":2,"href":"https:\/\/www-dev.branas.se\/en\/wp-json\/wp\/v2\/pages\/115\/revisions"}],"predecessor-version":[{"id":746,"href":"https:\/\/www-dev.branas.se\/en\/wp-json\/wp\/v2\/pages\/115\/revisions\/746"}],"wp:attachment":[{"href":"https:\/\/www-dev.branas.se\/en\/wp-json\/wp\/v2\/media?parent=115"}],"curies":[{"name":"wp","href":"https:\/\/api.w.org\/{rel}","templated":true}]}}