{"id":1130,"date":"2018-11-20T16:26:45","date_gmt":"2018-11-20T16:26:45","guid":{"rendered":"https:\/\/www-dev.branas.se\/?page_id=1130"},"modified":"2018-12-05T19:59:16","modified_gmt":"2018-12-05T19:59:16","slug":"stugagarportalen","status":"publish","type":"page","link":"https:\/\/www-dev.branas.se\/en\/stugagare\/stugagarportalen\/","title":{"rendered":"Stug\u00e4garportalen"},"content":{"rendered":"<div class=\"ingress\">Stug\u00e4garportalen \u00e4r f\u00f6r dig som redan \u00e4ger stuga eller l\u00e4genhet i Bran\u00e4s och vill hyra ut den. Bran\u00e4s Fritidscenter hj\u00e4lper till med hela processen fr\u00e5n marknadsf\u00f6ring, g\u00e4stkontakt och allt praktiskt kring uthyrningen.<\/div>\n<div style=\"text-align: center;\"><a class=\"btn btn--action\" href=\"http:\/\/www.restech.se\/r360\/owner\/login.php?site=branas&amp;lang=SE\">Inloggning stug\u00e4garpotalen<\/a><\/div>\n<hr \/>","protected":false},"excerpt":{"rendered":"<p>Stug\u00e4garportalen \u00e4r f\u00f6r dig som redan \u00e4ger stuga eller l\u00e4genhet i Bran\u00e4s och vill hyra ut den. Bran\u00e4s Fritidscenter hj\u00e4lper till med hela processen fr\u00e5n marknadsf\u00f6ring, g\u00e4stkontakt och allt praktiskt kring uthyrningen. Inloggning stug\u00e4garpotalen<\/p>","protected":false},"author":2,"featured_media":0,"parent":583,"menu_order":0,"comment_status":"closed","ping_status":"closed","template":"","meta":{"_acf_changed":false,"footnotes":""},"class_list":["post-1130","page","type-page","status-publish","hentry"],"acf":[],"_links":{"self":[{"href":"https:\/\/www-dev.branas.se\/en\/wp-json\/wp\/v2\/pages\/1130"}],"collection":[{"href":"https:\/\/www-dev.branas.se\/en\/wp-json\/wp\/v2\/pages"}],"about":[{"href":"https:\/\/www-dev.branas.se\/en\/wp-json\/wp\/v2\/types\/page"}],"author":[{"embeddable":true,"href":"https:\/\/www-dev.branas.se\/en\/wp-json\/wp\/v2\/users\/2"}],"replies":[{"embeddable":true,"href":"https:\/\/www-dev.branas.se\/en\/wp-json\/wp\/v2\/comments?post=1130"}],"version-history":[{"count":7,"href":"https:\/\/www-dev.branas.se\/en\/wp-json\/wp\/v2\/pages\/1130\/revisions"}],"predecessor-version":[{"id":1496,"href":"https:\/\/www-dev.branas.se\/en\/wp-json\/wp\/v2\/pages\/1130\/revisions\/1496"}],"up":[{"embeddable":true,"href":"https:\/\/www-dev.branas.se\/en\/wp-json\/wp\/v2\/pages\/583"}],"wp:attachment":[{"href":"https:\/\/www-dev.branas.se\/en\/wp-json\/wp\/v2\/media?parent=1130"}],"curies":[{"name":"wp","href":"https:\/\/api.w.org\/{rel}","templated":true}]}}