{"id":113,"date":"2018-10-11T09:51:45","date_gmt":"2018-10-11T07:51:45","guid":{"rendered":"https:\/\/www-dev.branas.se\/?page_id=113"},"modified":"2018-11-23T07:43:35","modified_gmt":"2018-11-23T07:43:35","slug":"fasta-jobb","status":"publish","type":"page","link":"https:\/\/www-dev.branas.se\/en\/jobba-hos-oss\/fasta-jobb\/","title":{"rendered":"Fasta jobb"},"content":{"rendered":"<h1 style=\"text-align: center;\">Servicetekniker sn\u00f6system samt skiftledare<\/h1>\n<div class=\"ingress\" style=\"text-align: center;\">Bran\u00e4s \u00e4r Sveriges femte st\u00f6rsta skidanl\u00e4ggning med 415 meters fallh\u00f6jd, tre kilometer l\u00e5nga \u00e5k, gondollift, expresslift och 30 nedfarter. Anl\u00e4ggningen har elva g\u00e5nger bel\u00f6nats med priset \u201dB\u00e4sta skidanl\u00e4ggning f\u00f6r barnfamiljer\u201d. Bran\u00e4s \u00e4r en av sex anl\u00e4ggningar som ing\u00e5r i Bran\u00e4sgruppen, Sveriges st\u00f6rsta privat\u00e4gda skidanl\u00e4ggningsf\u00f6retag. Ta chansen och kom till ett utvecklande arbete i en h\u00e4rlig positiv skidmilj\u00f6.<\/div>\n<div>\n<hr>\n<p><a href=\"https:\/\/vimeo.com\/278101989\">https:\/\/vimeo.com\/278101989<\/a><\/p>\n<\/div>\n<div>\n<h2>Huvudsakliga arbetsuppgifter:<\/h2>\n<p>Underh\u00e5ll av Bran\u00e4s sn\u00f6system.<br \/>\nVara behj\u00e4lpliga vid \u00f6vriga tekniska avdelningar s\u00e5som lift och vaktm\u00e4steri.<\/p>\n<h3>Under s\u00e4song:<\/h3>\n<p>Vara en av skiftledarna p\u00e5 sn\u00f6l\u00e4ggningen.<br \/>\nServa och aktivt underh\u00e5lla sn\u00f6systemet.<br \/>\nVid behov kunna utf\u00f6ra allahanda underh\u00e5llsarbeten.<\/p>\n<h3>Under icke s\u00e4song:<\/h3>\n<p>Genomf\u00f6ra l\u00f6pande underh\u00e5ll av sn\u00f6system.<br \/>\nVar behj\u00e4lplig i verkstaden p\u00e5 diversearbeten.<\/p>\n<p>Du b\u00f6r ha en teknisk utbildning eller likv\u00e4rdig arbetslivserfarenhet. Det \u00e4r meriterande om du har erfarenhet fr\u00e5n branschen men \u00e4r inget krav. Det \u00e4r ett mycket varierande arbete som ocks\u00e5 kr\u00e4ver stor flexibilitet. Helg och nattarbete f\u00f6rekommer. Tj\u00e4nsten \u00e4r direkt underst\u00e4lld Chefen Sn\u00f6 och Pist.<\/p>\n<p>Vi s\u00f6ker\u00a0dig som har en stark drivkraft, ett stort engagemang och g\u00e4rna en passion f\u00f6r skid\u00e5kning. Du m\u00e5ste gilla ett h\u00f6gt arbetstempo och alltid ha en str\u00e4van att utveckla dig och din arbetsplats. Stor vikt l\u00e4ggs p\u00e5 personlig l\u00e4mplighet. Du har l\u00e4tt f\u00f6r att arbeta i n\u00e4ra samverkan med andra, men det \u00e4r ocks\u00e5 viktigt att du kan arbeta sj\u00e4lvst\u00e4ndigt \u2013 att du \u00e4r nyt\u00e4nkande, drivande, strukturerad, ekonomisk och anpassningsbar.<\/p>\n<p>Tj\u00e4nsten \u00e4r en tillsvidare anst\u00e4llning. Tilltr\u00e4de enligt \u00f6verenskommelse.<\/p>\n<p>Vi ser fram emot att tr\u00e4ffa dig f\u00f6r en personlig intervju. Sista ans\u00f6kningsdatum \u00e4r den 30 november, men v\u00e4nta inte med din ans\u00f6kan d\u00e5 vi \u00f6nskar tillsatta tj\u00e4nsten s\u00e5 snart vi hittar r\u00e4tt person. S\u00e4nd ditt personliga brev och cv via <a href=\"mailto:jobba@branas.se\">jobba@branas.se<\/a>.<\/p>\n<p><a class=\"btn btn--c--brand\" href=\"mailto:jobba@branas.se\">Ans\u00f6k<\/a><\/p>\n<p>Skriv: \u201dServicetekniker\u201d i \u00e4mnesrutan.<\/p>\n<hr \/>\n<h3>Har du fr\u00e5gor kontakta mig:<\/h3>\n<p>Personalchef Karin Modin Sv\u00e4rd 054-132601.<\/p>\n<\/div>","protected":false},"excerpt":{"rendered":"<p>Servicetekniker sn\u00f6system samt skiftledare Bran\u00e4s \u00e4r Sveriges femte st\u00f6rsta skidanl\u00e4ggning med 415 meters fallh\u00f6jd, tre kilometer l\u00e5nga \u00e5k, gondollift, expresslift och 30 nedfarter. Anl\u00e4ggningen har elva g\u00e5nger bel\u00f6nats med priset \u201dB\u00e4sta skidanl\u00e4ggning f\u00f6r barnfamiljer\u201d. Bran\u00e4s \u00e4r en av sex anl\u00e4ggningar som ing\u00e5r i Bran\u00e4sgruppen, Sveriges st\u00f6rsta privat\u00e4gda skidanl\u00e4ggningsf\u00f6retag. Ta chansen och kom till ett utvecklande [&hellip;]<\/p>","protected":false},"author":2,"featured_media":0,"parent":109,"menu_order":0,"comment_status":"closed","ping_status":"closed","template":"","meta":{"_acf_changed":false,"footnotes":""},"class_list":["post-113","page","type-page","status-publish","hentry"],"acf":[],"_links":{"self":[{"href":"https:\/\/www-dev.branas.se\/en\/wp-json\/wp\/v2\/pages\/113"}],"collection":[{"href":"https:\/\/www-dev.branas.se\/en\/wp-json\/wp\/v2\/pages"}],"about":[{"href":"https:\/\/www-dev.branas.se\/en\/wp-json\/wp\/v2\/types\/page"}],"author":[{"embeddable":true,"href":"https:\/\/www-dev.branas.se\/en\/wp-json\/wp\/v2\/users\/2"}],"replies":[{"embeddable":true,"href":"https:\/\/www-dev.branas.se\/en\/wp-json\/wp\/v2\/comments?post=113"}],"version-history":[{"count":8,"href":"https:\/\/www-dev.branas.se\/en\/wp-json\/wp\/v2\/pages\/113\/revisions"}],"predecessor-version":[{"id":1218,"href":"https:\/\/www-dev.branas.se\/en\/wp-json\/wp\/v2\/pages\/113\/revisions\/1218"}],"up":[{"embeddable":true,"href":"https:\/\/www-dev.branas.se\/en\/wp-json\/wp\/v2\/pages\/109"}],"wp:attachment":[{"href":"https:\/\/www-dev.branas.se\/en\/wp-json\/wp\/v2\/media?parent=113"}],"curies":[{"name":"wp","href":"https:\/\/api.w.org\/{rel}","templated":true}]}}