{"id":890,"date":"2018-11-15T10:05:07","date_gmt":"2018-11-15T10:05:07","guid":{"rendered":"https:\/\/www-dev.branas.se\/?page_id=890"},"modified":"2018-12-03T18:43:08","modified_gmt":"2018-12-03T18:43:08","slug":"om-och-avbokning","status":"publish","type":"page","link":"https:\/\/www-dev.branas.se\/da\/bra-att-veta\/om-och-avbokning\/","title":{"rendered":"Om och avbokning"},"content":{"rendered":"<div class=\"ingress\">K\u00e4nn dig trygg n\u00e4r du bokar. Vi erbjuder ett av branschens mest gener\u00f6sa om- och avbokningsskydd. Hos oss f\u00e5r du pengarna tillbaka om du \u00e4ndrar dig eller om n\u00e5got ov\u00e4ntat skulle h\u00e4nda.<\/div>\n<div><\/div>\n<div>\n<h2>Har du k\u00f6pt till ett avbokningsskydd g\u00e4ller f\u00f6ljande<\/h2>\n<ul>\n<li>30 dagar eller mer kvar till ankomst &#8211; Du kan fritt omboka eller avboka, utan sk\u00e4l eller intyg.<\/li>\n<li>30 dagar eller mindre kvar till ankomst &#8211; Med ett giltigt sk\u00e4l och intyg kan du om- eller avboka (expeditionsavgift 200 kronor). Skyddet kostar 325 kronor och m\u00e5ste k\u00f6pas samtidigt som boendet.<\/li>\n<\/ul>\n<p style=\"text-align: center;\"><a class=\"btn btn--action\" href=\"https:\/\/cdn-dev.branasgruppen.se\/branas\/app\/uploads\/2018\/11\/14133301\/Bokningsregler-BR-18-19.pdf\">Ladda ner bokningsregler<\/a><\/p>\n<\/div>","protected":false},"excerpt":{"rendered":"<p>K\u00e4nn dig trygg n\u00e4r du bokar. Vi erbjuder ett av branschens mest gener\u00f6sa om- och avbokningsskydd. Hos oss f\u00e5r du pengarna tillbaka om du \u00e4ndrar dig eller om n\u00e5got ov\u00e4ntat skulle h\u00e4nda. Har du k\u00f6pt till ett avbokningsskydd g\u00e4ller f\u00f6ljande 30 dagar eller mer kvar till ankomst &#8211; Du kan fritt omboka eller avboka, utan [&hellip;]<\/p>","protected":false},"author":2,"featured_media":0,"parent":887,"menu_order":0,"comment_status":"closed","ping_status":"closed","template":"","meta":{"_acf_changed":false,"footnotes":""},"class_list":["post-890","page","type-page","status-publish","hentry"],"acf":[],"_links":{"self":[{"href":"https:\/\/www-dev.branas.se\/da\/wp-json\/wp\/v2\/pages\/890"}],"collection":[{"href":"https:\/\/www-dev.branas.se\/da\/wp-json\/wp\/v2\/pages"}],"about":[{"href":"https:\/\/www-dev.branas.se\/da\/wp-json\/wp\/v2\/types\/page"}],"author":[{"embeddable":true,"href":"https:\/\/www-dev.branas.se\/da\/wp-json\/wp\/v2\/users\/2"}],"replies":[{"embeddable":true,"href":"https:\/\/www-dev.branas.se\/da\/wp-json\/wp\/v2\/comments?post=890"}],"version-history":[{"count":8,"href":"https:\/\/www-dev.branas.se\/da\/wp-json\/wp\/v2\/pages\/890\/revisions"}],"predecessor-version":[{"id":1377,"href":"https:\/\/www-dev.branas.se\/da\/wp-json\/wp\/v2\/pages\/890\/revisions\/1377"}],"up":[{"embeddable":true,"href":"https:\/\/www-dev.branas.se\/da\/wp-json\/wp\/v2\/pages\/887"}],"wp:attachment":[{"href":"https:\/\/www-dev.branas.se\/da\/wp-json\/wp\/v2\/media?parent=890"}],"curies":[{"name":"wp","href":"https:\/\/api.w.org\/{rel}","templated":true}]}}