{"id":870,"date":"2018-11-14T13:57:55","date_gmt":"2018-11-14T13:57:55","guid":{"rendered":"https:\/\/www-dev.branas.se\/?page_id=870"},"modified":"2018-12-06T16:13:44","modified_gmt":"2018-12-06T16:13:44","slug":"utbildningar","status":"publish","type":"page","link":"https:\/\/www-dev.branas.se\/da\/jobba-hos-oss\/utbildningar\/","title":{"rendered":"Utbildningar"},"content":{"rendered":"<div class=\"ingress\">Har du hittat ett jobb hos oss som du skulle trivas med, men saknar r\u00e4tt kunskap? Det g\u00f6r inget. \u00c4r du r\u00e4tt person f\u00f6r oss s\u00e5 ser vi till att du f\u00e5r den utbildning som kr\u00e4vs f\u00f6r att klara av jobbet.<\/div>\n<div>\n<p>Har du hittat ett jobb hos oss som du skulle trivas med, men saknar r\u00e4tt kunskap? Det g\u00f6r inget. \u00c4r du r\u00e4tt person f\u00f6r oss s\u00e5 ser vi till att du f\u00e5r den utbildning som kr\u00e4vs f\u00f6r att klara av jobbet. N\u00e5gra kurser \u00e4r v\u00e5ra egna och du f\u00e5r g\u00e5 dem helt kostnadsfritt. Andra ges i samarbete med SLAO och bekostas av dig som g\u00e5r kursen.<\/p>\n<h2>Utbildning f\u00f6r skid- och snowboardinstrukt\u00f6rer<\/h2>\n<p>Det som kr\u00e4vs av dig \u00e4r ett genuint intresse f\u00f6r skid- eller snowboard\u00e5kning. Vi ger dig sedan konsten att ge av dig sj\u00e4lv och din kunskap till din elev f\u00f6r att sedan se denne utvecklas. Antingen b\u00f6rjar du direkt fr\u00e5n grunden, eller s\u00e5 har du hunnit instruera n\u00e5gra \u00e5r och vill fylla p\u00e5 med mer kunskap f\u00f6r att kunna l\u00e4ra ut p\u00e5 h\u00f6gre niv\u00e5. Utbildningen ges av SLAO och \u00e4r godk\u00e4nd av Svenska Skidr\u00e5det och ger dig d\u00e4rf\u00f6r beh\u00f6righet att delta i Svensk skidl\u00e4rarexamen. \u00c4r du r\u00e4tt person f\u00f6r oss kommer vi bidra med kostnader f\u00f6r din utbildning.<\/p>\n<p><a class=\"btn btn--action\" href=\"http:\/\/slao.se\/utbildning\/skidskola\/\">SLAO utbildning skidskola<\/a><\/p>\n<hr \/>\n<h3>Instrukt\u00f6r 1<\/h3>\n<p>F\u00f6r undervisning upp till och med gr\u00f6n niv\u00e5.<\/p>\n<h3>Instrukt\u00f6r 2<\/h3>\n<p>F\u00f6r undervisning upp till och med bl\u00e5 niv\u00e5.<\/p>\n<h3>Instrukt\u00f6r 3<\/h3>\n<p>F\u00f6r undervisning upp till och med r\u00f6d niv\u00e5.<\/p>\n<h3>Instrukt\u00f6r 4<\/h3>\n<p>F\u00f6r undervisning upp till och med svart niv\u00e5.<\/p>\n<hr \/>\n<h2>F\u00f6rarbevis f\u00f6r sn\u00f6skoter<\/h2>\n<p>Du l\u00e4r dig att hantera skotern b\u00e5de teoretiskt och praktiskt. Efter utbildning f\u00e5r du avl\u00e4gga ett kunskapsprov, som sedan registreras hos transportstyrelsen innan du f\u00e5r det f\u00f6rarbevis.<\/p>\n<h2>Arbetsledarutbildning<\/h2>\n<p>F\u00f6r att du ska lyckas som arbetsledare anordnar vi en internutbildning f\u00f6r alla arbetsledare. Utbildningen best\u00e5r av tre delar och tar 4 heldagar.<\/p>\n<p>F\u00f6retaget \u2013 du l\u00e4r dig om f\u00f6retagets vision, v\u00e4rderingar, syns\u00e4tt och historia.<\/p>\n<p>Verksamheten \u2013 du l\u00e4r dig om hur schemal\u00e4ggning och tidsredovisning g\u00e5r till. Du f\u00e5r ocks\u00e5 l\u00e4ra dig hur Bran\u00e4s arbetar med timmarna i budgeten och vad som f\u00f6rv\u00e4ntas av ett medarbetarsamtal.<\/p>\n<p>Ledarskapet \u2013 du f\u00e5r verktyg och metoder som g\u00f6r dig till en bra ledare. Vi g\u00e5r igenom gruppdynamik, ledarens olika roller och hur det \u00e4r att vara en ledare.<\/p>\n<h2>Teamledarutbildning<\/h2>\n<p>Ihop med andra teamledare f\u00e5r du en kortare utbildning p\u00e5 1,5 dagar. Du f\u00e5r metoder f\u00f6r att kunna inspirera och engagera dina medarbetare till att prestera maximalt. Kursen inneh\u00e5ller bland annat: vision och v\u00e4rdeord, gruppdynamik, att coacha andra, f\u00f6rs\u00e4ljning och service, kommunikation samt att l\u00e4sa av medarbetare och g\u00e4ster.<\/p>\n<\/div>","protected":false},"excerpt":{"rendered":"<p>Har du hittat ett jobb hos oss som du skulle trivas med, men saknar r\u00e4tt kunskap? Det g\u00f6r inget. \u00c4r du r\u00e4tt person f\u00f6r oss s\u00e5 ser vi till att du f\u00e5r den utbildning som kr\u00e4vs f\u00f6r att klara av jobbet. Har du hittat ett jobb hos oss som du skulle trivas med, men saknar [&hellip;]<\/p>","protected":false},"author":2,"featured_media":0,"parent":109,"menu_order":0,"comment_status":"closed","ping_status":"closed","template":"","meta":{"_acf_changed":false,"footnotes":""},"class_list":["post-870","page","type-page","status-publish","hentry"],"acf":[],"_links":{"self":[{"href":"https:\/\/www-dev.branas.se\/da\/wp-json\/wp\/v2\/pages\/870"}],"collection":[{"href":"https:\/\/www-dev.branas.se\/da\/wp-json\/wp\/v2\/pages"}],"about":[{"href":"https:\/\/www-dev.branas.se\/da\/wp-json\/wp\/v2\/types\/page"}],"author":[{"embeddable":true,"href":"https:\/\/www-dev.branas.se\/da\/wp-json\/wp\/v2\/users\/2"}],"replies":[{"embeddable":true,"href":"https:\/\/www-dev.branas.se\/da\/wp-json\/wp\/v2\/comments?post=870"}],"version-history":[{"count":5,"href":"https:\/\/www-dev.branas.se\/da\/wp-json\/wp\/v2\/pages\/870\/revisions"}],"predecessor-version":[{"id":1539,"href":"https:\/\/www-dev.branas.se\/da\/wp-json\/wp\/v2\/pages\/870\/revisions\/1539"}],"up":[{"embeddable":true,"href":"https:\/\/www-dev.branas.se\/da\/wp-json\/wp\/v2\/pages\/109"}],"wp:attachment":[{"href":"https:\/\/www-dev.branas.se\/da\/wp-json\/wp\/v2\/media?parent=870"}],"curies":[{"name":"wp","href":"https:\/\/api.w.org\/{rel}","templated":true}]}}