{"id":843,"date":"2018-11-14T13:25:55","date_gmt":"2018-11-14T13:25:55","guid":{"rendered":"https:\/\/www-dev.branas.se\/?page_id=843"},"modified":"2018-11-14T13:26:35","modified_gmt":"2018-11-14T13:26:35","slug":"personuppgiftspolicy","status":"publish","type":"page","link":"https:\/\/www-dev.branas.se\/da\/om-branasgruppen\/personuppgiftspolicy\/","title":{"rendered":"Personuppgiftspolicy"},"content":{"rendered":"<p>Bran\u00e4s Fritidscenter AB, org.nr. 556491-8075, \u00e4r ansvarigt f\u00f6r behandlingen av de personuppgifter du registrerar, s\u00e5som namn, adress, personnummer, mobil- och telefonnummer samt e-postadress. Dina personuppgifter behandlas i enlighet med Dataskyddsf\u00f6rordningen (GDPR).<\/p>\n<h2>Hur anv\u00e4nder vi dina personuppgifter?<\/h2>\n<p>Vi samlar in personuppgifter som du skickar till oss, n\u00e4r du t.ex. g\u00f6r en bokning, kontaktar v\u00e5r reses\u00e4ljavdelning eller genomf\u00f6r en betalning. H\u00e4r kan du l\u00e4sa mer i detalj om varf\u00f6r vi behandlar dina personuppgifter, vilken den lagliga grunden f\u00f6r behandlingen \u00e4r samt hur l\u00e4nge vi sparar dina personuppgifter.<\/p>\n<h3>Vi kan anv\u00e4nda dina personuppgifter f\u00f6r f\u00f6ljande \u00e4ndam\u00e5l:<\/h3>\n<ul>\n<li>F\u00f6r att hantera dina bokningar och betalningar<\/li>\n<li>Vi behandlar dina personuppgifter f\u00f6r att kunna administrera din bokning och betalning hos oss. Din bokning inkluderar uppgifter om bokad skidutrustning, skidskola, liftkort samt eventuella ytterligare tillbeh\u00f6r.<\/li>\n<li>Laglig grund: Fullg\u00f6rande av avtal<\/li>\n<li>Lagringstid: Dina uppgifter rensas 2 \u00e5r efter senaste bokning\u00b4<\/li>\n<li>F\u00f6r att f\u00f6rse dig med relevant information kring din bokning<\/li>\n<li>Vi behandlar dina personuppgifter s\u00e5som mail-adress d\u00e5 vi skickar dig relevant information kring din bokning, s\u00e5som bokningsregler, rutiner f\u00f6r utl\u00e4mnande av utrustning osv.<\/li>\n<li>Laglig grund: Fullg\u00f6rande av avtal<\/li>\n<li>Lagringstid: Vi rensar din mailadress fr\u00e5n detta utskick efter aktuell s\u00e4song\u00b4<\/li>\n<li>F\u00f6r att hantera kundservice\u00e4renden<\/li>\n<li>Vi behandlar dina personuppgifter n\u00e4r du \u00e4r i kontakt med oss exempelvis via mail, chat eller i sociala medier.<\/li>\n<li>Laglig grund: Intresseavv\u00e4gning<\/li>\n<li>Lagringstid: Uppgifter rensas n\u00e4r \u00e4rendet \u00e4r avslutat, i sociala medier ligger uppgifter kvar<\/li>\n<li>F\u00f6r att skicka marknadsf\u00f6ringserbjudanden och nyhetsbrev<\/li>\n<li>Vi behandlar dina personuppgifter (mail-adress) f\u00f6r att skicka dig nyhetsbrev fr\u00e5n Tolvmannabacken g\u00e4llande vad som h\u00e4nder i anl\u00e4ggningen, n\u00e4r vi \u00f6ppnar bokningen f\u00f6r s\u00e4songen osv. Som prenumerant av v\u00e5rt nyhetsbrev kan du sj\u00e4lv avregistrera dig via l\u00e4nk i utskicket.<\/li>\n<li>Laglig grund: Intresseavv\u00e4gning<\/li>\n<li>Lagringstid: Uppgifterna behandlas tills du avslutar prenumerationen<\/li>\n<li>Vid fels\u00f6kning och support av bokningssystem<\/li>\n<li>Vi kan beh\u00f6va behandla dina personuppgifter vid teknisk support och fels\u00f6kning i v\u00e5ra bokningssystem.<\/li>\n<li>Laglig grund:\u00a0Intresseavv\u00e4gning<\/li>\n<li>Lagringstid:\u00a0Uppgifterna kan komma att behandlas under den tid teknisk support av v\u00e5ra bokningssystem genomf\u00f6rs.<\/li>\n<\/ul>\n<h2>Vilka har tillg\u00e5ng till dina personuppgifter?<\/h2>\n<p>Dina personuppgifter behandlas fr\u00e4mst av oss p\u00e5 Bran\u00e4s Fritidscenter AB. Dina personuppgifter kan \u00e4ven komma att l\u00e4mnas ut till och behandlas av v\u00e5rt moderbolag Bran\u00e4sgruppen AB (org.nr. 556694-2107) och dess dotterbolag ing\u00e5ende i Bran\u00e4sgruppkoncernen samt v\u00e5ra samarbetspartners f\u00f6r de angivna \u00e4ndam\u00e5len.<\/p>\n<p>Som prenumerant av v\u00e5rt nyhetsbrev hanteras din mail-adress av v\u00e5r samarbetspartner Mailchimp, som lagrar uppgifterna p\u00e5 sina servrar i USA.<\/p>\n<h2>Hur skyddas dina personuppgifter?<\/h2>\n<p>Vi har vidtagit tekniska och organisatoriska \u00e5tg\u00e4rder f\u00f6r att skydda dina uppgifter fr\u00e5n f\u00f6rlust, manipulation och obeh\u00f6rig \u00e5tkomst. Vi anpassar fortl\u00f6pande v\u00e5ra s\u00e4kerhets\u00e5tg\u00e4rder i enlighet med framstegen och utvecklingen p\u00e5 det tekniska omr\u00e5det.<\/p>\n<h2>Dina r\u00e4ttigheter<\/h2>\n<p>Du har r\u00e4tt att n\u00e4r som helst beg\u00e4ra information om de personuppgifter vi har om dig. Om dina uppgifter \u00e4r felaktiga, ofullst\u00e4ndiga eller irrelevanta, kan du beg\u00e4ra att f\u00e5 dem r\u00e4ttade eller raderade. Vi kan inte radera dina uppgifter d\u00e5 det f\u00f6religger ett lagstadgat krav p\u00e5 lagring, som exempelvis bokf\u00f6ringsregler, eller n\u00e4r det finns andra legitima sk\u00e4l<\/p>\n<h2>Kontakt<\/h2>\n<p>Bran\u00e4s Fritidscenter AB<br \/>\nBran\u00e4sgruppen AB<br \/>\nDrottninggatan 40<br \/>\n652 25 Karlstad<\/p>\n<p>Telefon: 054-13 26 00<br \/>\nE-post:\u00a0<a href=\"mailto:info@branas.se\">info@branas.se<\/a><\/p>","protected":false},"excerpt":{"rendered":"<p>Bran\u00e4s Fritidscenter AB, org.nr. 556491-8075, \u00e4r ansvarigt f\u00f6r behandlingen av de personuppgifter du registrerar, s\u00e5som namn, adress, personnummer, mobil- och telefonnummer samt e-postadress. Dina personuppgifter behandlas i enlighet med Dataskyddsf\u00f6rordningen (GDPR). Hur anv\u00e4nder vi dina personuppgifter? Vi samlar in personuppgifter som du skickar till oss, n\u00e4r du t.ex. g\u00f6r en bokning, kontaktar v\u00e5r reses\u00e4ljavdelning eller [&hellip;]<\/p>","protected":false},"author":2,"featured_media":0,"parent":579,"menu_order":0,"comment_status":"closed","ping_status":"closed","template":"","meta":{"_acf_changed":false,"footnotes":""},"class_list":["post-843","page","type-page","status-publish","hentry"],"acf":[],"_links":{"self":[{"href":"https:\/\/www-dev.branas.se\/da\/wp-json\/wp\/v2\/pages\/843"}],"collection":[{"href":"https:\/\/www-dev.branas.se\/da\/wp-json\/wp\/v2\/pages"}],"about":[{"href":"https:\/\/www-dev.branas.se\/da\/wp-json\/wp\/v2\/types\/page"}],"author":[{"embeddable":true,"href":"https:\/\/www-dev.branas.se\/da\/wp-json\/wp\/v2\/users\/2"}],"replies":[{"embeddable":true,"href":"https:\/\/www-dev.branas.se\/da\/wp-json\/wp\/v2\/comments?post=843"}],"version-history":[{"count":1,"href":"https:\/\/www-dev.branas.se\/da\/wp-json\/wp\/v2\/pages\/843\/revisions"}],"predecessor-version":[{"id":845,"href":"https:\/\/www-dev.branas.se\/da\/wp-json\/wp\/v2\/pages\/843\/revisions\/845"}],"up":[{"embeddable":true,"href":"https:\/\/www-dev.branas.se\/da\/wp-json\/wp\/v2\/pages\/579"}],"wp:attachment":[{"href":"https:\/\/www-dev.branas.se\/da\/wp-json\/wp\/v2\/media?parent=843"}],"curies":[{"name":"wp","href":"https:\/\/api.w.org\/{rel}","templated":true}]}}