{"id":826,"date":"2018-11-14T12:56:41","date_gmt":"2018-11-14T12:56:41","guid":{"rendered":"https:\/\/www-dev.branas.se\/?page_id=826"},"modified":"2018-12-18T10:07:32","modified_gmt":"2018-12-18T10:07:32","slug":"in-och-utcheckning","status":"publish","type":"page","link":"https:\/\/www-dev.branas.se\/da\/bra-att-veta\/in-och-utcheckning\/","title":{"rendered":"In- och utcheckning"},"content":{"rendered":"<div class=\"ingress\">P\u00e5 v\u00e5ra ordinarie ankomstdagar, torsdagar och s\u00f6ndagar, sker incheckning direkt i respektive stugby. Se vilken tid som g\u00e4ller just ditt boende i \u00f6versikten nedan.<\/div>","protected":false},"excerpt":{"rendered":"<p>P\u00e5 v\u00e5ra ordinarie ankomstdagar, torsdagar och s\u00f6ndagar, sker incheckning direkt i respektive stugby. Se vilken tid som g\u00e4ller just ditt boende i \u00f6versikten nedan.<\/p>","protected":false},"author":2,"featured_media":0,"parent":887,"menu_order":0,"comment_status":"closed","ping_status":"closed","template":"","meta":{"_acf_changed":false,"footnotes":""},"class_list":["post-826","page","type-page","status-publish","hentry"],"acf":[],"_links":{"self":[{"href":"https:\/\/www-dev.branas.se\/da\/wp-json\/wp\/v2\/pages\/826"}],"collection":[{"href":"https:\/\/www-dev.branas.se\/da\/wp-json\/wp\/v2\/pages"}],"about":[{"href":"https:\/\/www-dev.branas.se\/da\/wp-json\/wp\/v2\/types\/page"}],"author":[{"embeddable":true,"href":"https:\/\/www-dev.branas.se\/da\/wp-json\/wp\/v2\/users\/2"}],"replies":[{"embeddable":true,"href":"https:\/\/www-dev.branas.se\/da\/wp-json\/wp\/v2\/comments?post=826"}],"version-history":[{"count":39,"href":"https:\/\/www-dev.branas.se\/da\/wp-json\/wp\/v2\/pages\/826\/revisions"}],"predecessor-version":[{"id":1967,"href":"https:\/\/www-dev.branas.se\/da\/wp-json\/wp\/v2\/pages\/826\/revisions\/1967"}],"up":[{"embeddable":true,"href":"https:\/\/www-dev.branas.se\/da\/wp-json\/wp\/v2\/pages\/887"}],"wp:attachment":[{"href":"https:\/\/www-dev.branas.se\/da\/wp-json\/wp\/v2\/media?parent=826"}],"curies":[{"name":"wp","href":"https:\/\/api.w.org\/{rel}","templated":true}]}}