{"id":810,"date":"2018-11-14T12:06:52","date_gmt":"2018-11-14T12:06:52","guid":{"rendered":"https:\/\/www-dev.branas.se\/?page_id=810"},"modified":"2018-12-15T12:11:11","modified_gmt":"2018-12-15T12:11:11","slug":"branas-ungdomsstipendium","status":"publish","type":"page","link":"https:\/\/www-dev.branas.se\/da\/om-branasgruppen\/branas-ungdomsstipendium\/","title":{"rendered":"Bran\u00e4s Ungdomsstipendium"},"content":{"rendered":"<div class=\"ingress\">I samarbete med Bran\u00e4s samf\u00e4llighetsf\u00f6rening och Pantamera\/Returpack samlar vi i Bran\u00e4s varje \u00e5r in pengar f\u00f6r att fr\u00e4mja barn- och ungdomsverksamheten i n\u00e4romr\u00e5det. V\u00e5ra g\u00e4ster sk\u00e4nker sina burkar och flaskor vid v\u00e5ra insamlingsstationer p\u00e5 anl\u00e4ggningen. Dessa pantas sedan och pengarna g\u00e5r till Bran\u00e4s Ungdomsstipendium. Ut\u00f6ver pengar fr\u00e5n panten skjuter Bran\u00e4s Fritidcenter till ytterligare 50 000 kr.<\/div>\n<div>\n<h2>Hur du ans\u00f6ker<\/h2>\n<p>Privatpersoner, verksamheter eller f\u00f6reningar kan ans\u00f6ka om stipendiet. I ans\u00f6kan ska det anges namn p\u00e5 person eller verksamhet samt en tydlig beskrivning av personen\/verksamheten och vad som g\u00f6rs f\u00f6r barn och ungdomar i projektet.<\/p>\n<p>Ans\u00f6kan ska vara inskickad senast 1:e oktober.<\/p>\n<script type=\"text\/javascript\">var gform;gform||(document.addEventListener(\"gform_main_scripts_loaded\",function(){gform.scriptsLoaded=!0}),window.addEventListener(\"DOMContentLoaded\",function(){gform.domLoaded=!0}),gform={domLoaded:!1,scriptsLoaded:!1,initializeOnLoaded:function(o){gform.domLoaded&&gform.scriptsLoaded?o():!gform.domLoaded&&gform.scriptsLoaded?window.addEventListener(\"DOMContentLoaded\",o):document.addEventListener(\"gform_main_scripts_loaded\",o)},hooks:{action:{},filter:{}},addAction:function(o,n,r,t){gform.addHook(\"action\",o,n,r,t)},addFilter:function(o,n,r,t){gform.addHook(\"filter\",o,n,r,t)},doAction:function(o){gform.doHook(\"action\",o,arguments)},applyFilters:function(o){return gform.doHook(\"filter\",o,arguments)},removeAction:function(o,n){gform.removeHook(\"action\",o,n)},removeFilter:function(o,n,r){gform.removeHook(\"filter\",o,n,r)},addHook:function(o,n,r,t,i){null==gform.hooks[o][n]&&(gform.hooks[o][n]=[]);var e=gform.hooks[o][n];null==i&&(i=n+\"_\"+e.length),gform.hooks[o][n].push({tag:i,callable:r,priority:t=null==t?10:t})},doHook:function(n,o,r){var t;if(r=Array.prototype.slice.call(r,1),null!=gform.hooks[n][o]&&((o=gform.hooks[n][o]).sort(function(o,n){return o.priority-n.priority}),o.forEach(function(o){\"function\"!=typeof(t=o.callable)&&(t=window[t]),\"action\"==n?t.apply(null,r):r[0]=t.apply(null,r)})),\"filter\"==n)return r[0]},removeHook:function(o,n,t,i){var r;null!=gform.hooks[o][n]&&(r=(r=gform.hooks[o][n]).filter(function(o,n,r){return!!(null!=i&&i!=o.tag||null!=t&&t!=o.priority)}),gform.hooks[o][n]=r)}});<\/script>\n                <div class='gf_browser_gecko gform_wrapper gform_legacy_markup_wrapper gform-theme--no-framework' data-form-theme='legacy' data-form-index='0' id='gform_wrapper_5' >\n                        <div class='gform_heading'>\n                            <h3 class=\"gform_title\">Ans\u00f6kan - Bran\u00e4s ungdomsstipendium<\/h3>\n                            <p class='gform_description'>Ans\u00f6k om v\u00e5rt stipendium via detta formul\u00e4r.<\/p>\n                        <\/div><form method='post' enctype='multipart\/form-data'  id='gform_5'  action='\/da\/wp-json\/wp\/v2\/pages\/810' data-formid='5' novalidate data-trp-original-action=\"\/da\/wp-json\/wp\/v2\/pages\/810\">\n                        <div class='gform-body gform_body'><ul id='gform_fields_5' class='gform_fields top_label form_sublabel_below description_below validation_below'><li id=\"field_5_1\" class=\"gfield gfield--type-text gfield_contains_required field_sublabel_below gfield--no-description field_description_below field_validation_below gfield_visibility_visible\"  data-js-reload=\"field_5_1\" ><label class='gfield_label gform-field-label' for='input_5_1'>F\u00f6r- och efternamn<span class=\"gfield_required\"><span class=\"gfield_required gfield_required_asterisk\">*<\/span><\/span><\/label><div class='ginput_container ginput_container_text'><input name='input_1' id='input_5_1' type='text' value='' class='medium'     aria-required=\"true\" aria-invalid=\"false\"   \/> <\/div><\/li><li id=\"field_5_2\" class=\"gfield gfield--type-text gfield_contains_required field_sublabel_below gfield--no-description field_description_below field_validation_below gfield_visibility_visible\"  data-js-reload=\"field_5_2\" ><label class='gfield_label gform-field-label' for='input_5_2'>Telefonnummer<span class=\"gfield_required\"><span class=\"gfield_required gfield_required_asterisk\">*<\/span><\/span><\/label><div class='ginput_container ginput_container_text'><input name='input_2' id='input_5_2' type='text' value='' class='medium'     aria-required=\"true\" aria-invalid=\"false\"   \/> <\/div><\/li><li id=\"field_5_3\" class=\"gfield gfield--type-email field_sublabel_below gfield--no-description field_description_below field_validation_below gfield_visibility_visible\"  data-js-reload=\"field_5_3\" ><label class='gfield_label gform-field-label' for='input_5_3'>E-post<\/label><div class='ginput_container ginput_container_email'>\n                            <input name='input_3' id='input_5_3' type='email' value='' class='medium'     aria-invalid=\"false\"  \/>\n                        <\/div><\/li><li id=\"field_5_4\" class=\"gfield gfield--type-text field_sublabel_below gfield--no-description field_description_below field_validation_below gfield_visibility_visible\"  data-js-reload=\"field_5_4\" ><label class='gfield_label gform-field-label' for='input_5_4'>F\u00f6rening\/klubb<\/label><div class='ginput_container ginput_container_text'><input name='input_4' id='input_5_4' type='text' value='' class='medium'      aria-invalid=\"false\"   \/> <\/div><\/li><li id=\"field_5_5\" class=\"gfield gfield--type-textarea gfield_contains_required field_sublabel_below gfield--no-description field_description_below field_validation_below gfield_visibility_visible\"  data-js-reload=\"field_5_5\" ><label class='gfield_label gform-field-label' for='input_5_5'>Beskriv verksamheten<span class=\"gfield_required\"><span class=\"gfield_required gfield_required_asterisk\">*<\/span><\/span><\/label><div class='ginput_container ginput_container_textarea'><textarea name='input_5' id='input_5_5' class='textarea medium'     aria-required=\"true\" aria-invalid=\"false\"   rows='10' cols='50'><\/textarea><\/div><\/li><li id=\"field_5_6\" class=\"gfield gfield--type-textarea gfield_contains_required field_sublabel_below gfield--no-description field_description_below field_validation_below gfield_visibility_visible\"  data-js-reload=\"field_5_6\" ><label class='gfield_label gform-field-label' for='input_5_6'>Beskriv ert arbete med barn och ungdomar<span class=\"gfield_required\"><span class=\"gfield_required gfield_required_asterisk\">*<\/span><\/span><\/label><div class='ginput_container ginput_container_textarea'><textarea name='input_6' id='input_5_6' class='textarea medium'     aria-required=\"true\" aria-invalid=\"false\"   rows='10' cols='50'><\/textarea><\/div><\/li><\/ul><\/div>\n        <div class='gform_footer top_label'> <input type='submit' id='gform_submit_button_5' class='gform_button button' value='Skicka'  onclick='if(window[\"gf_submitting_5\"]){return false;}  if( !jQuery(\"#gform_5\")[0].checkValidity || jQuery(\"#gform_5\")[0].checkValidity()){window[\"gf_submitting_5\"]=true;}  ' onkeypress='if( event.keyCode == 13 ){ if(window[\"gf_submitting_5\"]){return false;} if( !jQuery(\"#gform_5\")[0].checkValidity || jQuery(\"#gform_5\")[0].checkValidity()){window[\"gf_submitting_5\"]=true;}  jQuery(\"#gform_5\").trigger(\"submit\",[true]); }' \/> \n            <input type='hidden' class='gform_hidden' name='is_submit_5' value='1' \/>\n            <input type='hidden' class='gform_hidden' name='gform_submit' value='5' \/>\n            \n            <input type='hidden' class='gform_hidden' name='gform_unique_id' value='' \/>\n            <input type='hidden' class='gform_hidden' name='state_5' value='WyJbXSIsImYyYzM5ZTBiNmZjMTE2YWY4OGFjNWY2N2JkNjdlZGNhIl0=' \/>\n            <input type='hidden' class='gform_hidden' name='gform_target_page_number_5' id='gform_target_page_number_5' value='0' \/>\n            <input type='hidden' class='gform_hidden' name='gform_source_page_number_5' id='gform_source_page_number_5' value='1' \/>\n            <input type='hidden' name='gform_field_values' value='' \/>\n            \n        <\/div>\n                        <input type=\"hidden\" name=\"trp-form-language\" value=\"da\"\/><\/form>\n                        <\/div><script type=\"text\/javascript\">\n\/* <![CDATA[ *\/\n gform.initializeOnLoaded( function() {gformInitSpinner( 5, 'https:\/\/www-dev.branas.se\/app\/plugins\/gravityforms\/images\/spinner.svg', true );jQuery('#gform_ajax_frame_5').on('load',function(){var contents = jQuery(this).contents().find('*').html();var is_postback = contents.indexOf('GF_AJAX_POSTBACK') >= 0;if(!is_postback){return;}var form_content = jQuery(this).contents().find('#gform_wrapper_5');var is_confirmation = jQuery(this).contents().find('#gform_confirmation_wrapper_5').length > 0;var is_redirect = contents.indexOf('gformRedirect(){') >= 0;var is_form = form_content.length > 0 && ! is_redirect && ! is_confirmation;var mt = parseInt(jQuery('html').css('margin-top'), 10) + parseInt(jQuery('body').css('margin-top'), 10) + 100;if(is_form){jQuery('#gform_wrapper_5').html(form_content.html());if(form_content.hasClass('gform_validation_error')){jQuery('#gform_wrapper_5').addClass('gform_validation_error');} else {jQuery('#gform_wrapper_5').removeClass('gform_validation_error');}setTimeout( function() { \/* delay the scroll by 50 milliseconds to fix a bug in chrome *\/  }, 50 );if(window['gformInitDatepicker']) {gformInitDatepicker();}if(window['gformInitPriceFields']) {gformInitPriceFields();}var current_page = jQuery('#gform_source_page_number_5').val();gformInitSpinner( 5, 'https:\/\/www-dev.branas.se\/app\/plugins\/gravityforms\/images\/spinner.svg', true );jQuery(document).trigger('gform_page_loaded', [5, current_page]);window['gf_submitting_5'] = false;}else if(!is_redirect){var confirmation_content = jQuery(this).contents().find('.GF_AJAX_POSTBACK').html();if(!confirmation_content){confirmation_content = contents;}jQuery('#gform_wrapper_5').replaceWith(confirmation_content);jQuery(document).trigger('gform_confirmation_loaded', [5]);window['gf_submitting_5'] = false;wp.a11y.speak(jQuery('#gform_confirmation_message_5').text());}else{jQuery('#gform_5').append(contents);if(window['gformRedirect']) {gformRedirect();}}jQuery(document).trigger(\"gform_pre_post_render\", [{ formId: \"5\", currentPage: \"current_page\", abort: function() { this.preventDefault(); } }]);                if (event && event.defaultPrevented) {                return;         }        const gformWrapperDiv = document.getElementById( \"gform_wrapper_5\" );        if ( gformWrapperDiv ) {            const visibilitySpan = document.createElement( \"span\" );            visibilitySpan.id = \"gform_visibility_test_5\";            gformWrapperDiv.insertAdjacentElement( \"afterend\", visibilitySpan );        }        const visibilityTestDiv = document.getElementById( \"gform_visibility_test_5\" );        let postRenderFired = false;                function triggerPostRender() {            if ( postRenderFired ) {                return;            }            postRenderFired = true;            jQuery( document ).trigger( 'gform_post_render', [5, current_page] );            gform.utils.trigger( { event: 'gform\/postRender', native: false, data: { formId: 5, currentPage: current_page } } );            if ( visibilityTestDiv ) {                visibilityTestDiv.parentNode.removeChild( visibilityTestDiv );            }        }        function debounce( func, wait, immediate ) {            var timeout;            return function() {                var context = this, args = arguments;                var later = function() {                    timeout = null;                    if ( !immediate ) func.apply( context, args );                };                var callNow = immediate && !timeout;                clearTimeout( timeout );                timeout = setTimeout( later, wait );                if ( callNow ) func.apply( context, args );            };        }        const debouncedTriggerPostRender = debounce( function() {            triggerPostRender();        }, 200 );        if ( visibilityTestDiv && visibilityTestDiv.offsetParent === null ) {            const observer = new MutationObserver( ( mutations ) => {                mutations.forEach( ( mutation ) => {                    if ( mutation.type === 'attributes' && visibilityTestDiv.offsetParent !== null ) {                        debouncedTriggerPostRender();                        observer.disconnect();                    }                });            });            observer.observe( document.body, {                attributes: true,                childList: false,                subtree: true,                attributeFilter: [ 'style', 'class' ],            });        } else {            triggerPostRender();        }    } );} ); \n\/* ]]> *\/\n<\/script>\n\n<h2>Tidigare stipendiater<\/h2>\n<h3>2016 \u00e5rs stipendiater<\/h3>\n<p>I samarbete med Bran\u00e4s samf\u00e4llighetsf\u00f6rening och Pantamera\/Returpack samlar vi i Bran\u00e4s Fritidscenter varje \u00e5r in pengar f\u00f6r att fr\u00e4mja barn- och ungdomsverksamheten i n\u00e4romr\u00e5det. V\u00e5ra g\u00e4ster sk\u00e4nker sina burkar och flaskor vid v\u00e5ra insamlingsstationer p\u00e5 anl\u00e4ggningen. Dessa pantas sedan och pengarna g\u00e5r till Bran\u00e4s Ungdoms Stipendie. Ut\u00f6ver pengar fr\u00e5n panten skjuter Bran\u00e4s Fritidcenter till ytterligare 50 000 kr.<\/p>\n<p>I \u00e5r har vi valt att tilldela stipendiet till Finnskoga IF, Bran\u00e4s Alpina och projektet \u00c4ventyrslekplats\/hinderbana i Bran\u00e4s som kan anv\u00e4ndas av barn &amp; ungdomar \u00e5ret runt.<\/p>\n<h3>Bran\u00e4s Alpina<\/h3>\n<p>F\u00f6r arbetet med att introducera nya \u00e5kare till den alpin skid\u00e5kning, det fina s\u00e4ttet f\u00f6reningen engagera barn och ungdomar och satsningen p\u00e5 en verksamhet som inte har ett tv\u00e5ng att t\u00e4vla utan bygger p\u00e5 gl\u00e4djen p\u00e5 skidor, tilldelar vi Bran\u00e4s Alpina ett stipendium p\u00e5 20 000 kr fr\u00e5n Bran\u00e4s Ungdomsstipendie.<\/p>\n<h3>Finnskoga IF<\/h3>\n<p>Vi vill st\u00f6dja Finnskoga IF\u2019s fortsatta satsning p\u00e5 sin barn och ungdomsverksamhet f\u00f6r skidskytte. Verksamheten har vuxit genom mycket ideellt arbete och har planer p\u00e5 att v\u00e4xa \u00e4nnu mer. Vi vill hj\u00e4lpa till i arbetet med att skapa bra aktiviteter f\u00f6r barn och ungdomar i Bran\u00e4s n\u00e4romr\u00e5de och tilldelar ett stipendium p\u00e5 12 000 kr till f\u00f6reningen.<\/p>\n<h3>\u00c4ventyrsbana\/Utegym<\/h3>\n<p>Projektet \u00c4ventyrslekplats\/ utegym i Bran\u00e4s f\u00f6r barn &amp; ungdomar \u00e5ret runt tilldelas ett stipendium p\u00e5 75 000 kr. Projektet genomf\u00f6rs i samarbete med Bran\u00e4s Fritidscenter AB och Torsby Kommun. Det \u00e4r ett fler\u00e5rigt projekt d\u00e4r vi bygger upp \u00e5retrunt-aktiviteter i Bran\u00e4s som kan nyttjas av barn och ungdomar fr\u00e5n orten eller bes\u00f6kare. F\u00f6rsta etappen slutf\u00f6rs i dagarna och ett utegym och \u00e4ventyrsbana f\u00f6r barn \u00e4r planerat att st\u00e5 f\u00e4rdigt innan sn\u00f6n kommer.<\/p>\n<p>L\u00f6rdagen 29\/10 delades stipendierna ut p\u00e5 Bran\u00e4s Samf\u00e4llighetsf\u00f6renings \u00c5rsst\u00e4mma.<\/p>\n<p>Representanter fr\u00e5n f\u00f6reningarna var p\u00e5 plats och tog emot sina stipendier som delades ut av Martin Sturmhoefel, Platschef p\u00e5 Bran\u00e4s Fritidscenter och Anders Malmqvist, ordf\u00f6rande f\u00f6r Bran\u00e4s Samf\u00e4llighetsf\u00f6rening.<\/p>\n<h3>2015 \u00e5rs stipendiater<\/h3>\n<p>2015 tilldelades stipendiet IFK Liken\u00e4s, Bran\u00e4s Alpina och projektet \u00c4ventyrslekplats\/hinderbana i Bran\u00e4s som kan anv\u00e4ndas av barn &amp; ungdomar \u00e5ret runt.<\/p>\n<p>IFK Liken\u00e4s bel\u00f6nas med ett stipendium f\u00f6r sitt arbete med den lokala idrottsverksamheten och har under de senaste \u00e5ren skaffat sig ett gott rykte genom framg\u00e5ngar inom bland annat l\u00e4ngdskidor och friidrott. Anl\u00e4ggningen drivs av ideellt arbete men beh\u00f6ver ekonomiskt st\u00f6d till bland annat underh\u00e5ll och t\u00e4vlingskostnader. Bran\u00e4s Stipendiet har d\u00e4rf\u00f6r valt att st\u00f6tta f\u00f6reningen med 15 000 kr.<\/p>\n<p>Bran\u00e4s Alpina bedriver alpin skid\u00e5kningsverksamhet och deras m\u00e5ls\u00e4ttning \u00e4r att utveckla barn och ungdomar till duktiga skid\u00e5kare utan tv\u00e5ng eller press p\u00e5 deltagande i t\u00e4vlingar. Genom Bran\u00e4s stipendium p\u00e5 25 000 kr hoppas vi kunna bidra till ett \u00f6kat intresse f\u00f6r skid\u00e5kning samt att ge redan aktiva ut\u00f6vare chansen att utvecklas ytterligare.<\/p>\n<p>Projektet \u00c4ventyrslekplats\/hinderbana\/ utegym i Bran\u00e4s f\u00f6r barn &amp; ungdomar \u00e5ret runt tilldelas ett stipendium p\u00e5 75 000 kr. Projektet genomf\u00f6rs i samarbete med Bran\u00e4s Fritidscenter AB och Torsby Kommun. Det \u00e4r ett fler\u00e5rigt projekt d\u00e4r vi bygger upp \u00e5retrunt-aktiviteter i Bran\u00e4s som kan nyttjas av barn och ungdomar fr\u00e5n orten eller bes\u00f6kare.<\/p>\n<h3>2014 \u00e5rs stipendiater<\/h3>\n<p>Wille S\u00e4tereie fr\u00e5n Finnskoga, MK 25 000 kr.<br \/>\nWillie t\u00e4vlar i JSM Crosscart 125. SM 4:a. Han slutade som 7:a i SM och blev 4:a i NEZ Cupen (Nordiskt M\u00e4sterskap)<\/p>\n<p>Linus \u00d6stlund fr\u00e5n Finnskoga, MK 25 000 kr.<\/p>\n<p>JSM Crosscart 125. SM 2:a plats och vinnare av SprintCupen. Linus \u00d6stlund stod som segrare i Sprint Cupen och k\u00f6rde till sig en silvermedalj i SM.<\/p>\n<h3>Bran\u00e4s Alpina<\/h3>\n<p>Bran\u00e4s Alpina \u00e4r en f\u00f6rening som har en mycket bra ungdomsverksamhet m\u00e5nga barn och ungdomar deltager och har kul p\u00e5 skidor.<\/p>\n<p>Sara Andersson \u00e4r 21 \u00e5r och bor i St\u00f6llet och \u00e4r Svensk M\u00e4stare i yrkes SM i butikskommunikation\/dekorat\u00f6r. Hon utbildar sig i Leksand p\u00e5 Entrepren\u00f6rskolan. Har under h\u00f6sten deltagit i yrkes EM i Lille (Frankrike) och d\u00e4r tagit bronsmedalj. M\u00e5let efter utbildningen \u00e4r att starta egen verksamhet.<\/p>\n<\/div>","protected":false},"excerpt":{"rendered":"<p>I samarbete med Bran\u00e4s samf\u00e4llighetsf\u00f6rening och Pantamera\/Returpack samlar vi i Bran\u00e4s varje \u00e5r in pengar f\u00f6r att fr\u00e4mja barn- och ungdomsverksamheten i n\u00e4romr\u00e5det. V\u00e5ra g\u00e4ster sk\u00e4nker sina burkar och flaskor vid v\u00e5ra insamlingsstationer p\u00e5 anl\u00e4ggningen. Dessa pantas sedan och pengarna g\u00e5r till Bran\u00e4s Ungdomsstipendium. Ut\u00f6ver pengar fr\u00e5n panten skjuter Bran\u00e4s Fritidcenter till ytterligare 50 000 [&hellip;]<\/p>","protected":false},"author":2,"featured_media":0,"parent":579,"menu_order":0,"comment_status":"closed","ping_status":"closed","template":"","meta":{"_acf_changed":false,"footnotes":""},"class_list":["post-810","page","type-page","status-publish","hentry"],"acf":[],"_links":{"self":[{"href":"https:\/\/www-dev.branas.se\/da\/wp-json\/wp\/v2\/pages\/810"}],"collection":[{"href":"https:\/\/www-dev.branas.se\/da\/wp-json\/wp\/v2\/pages"}],"about":[{"href":"https:\/\/www-dev.branas.se\/da\/wp-json\/wp\/v2\/types\/page"}],"author":[{"embeddable":true,"href":"https:\/\/www-dev.branas.se\/da\/wp-json\/wp\/v2\/users\/2"}],"replies":[{"embeddable":true,"href":"https:\/\/www-dev.branas.se\/da\/wp-json\/wp\/v2\/comments?post=810"}],"version-history":[{"count":4,"href":"https:\/\/www-dev.branas.se\/da\/wp-json\/wp\/v2\/pages\/810\/revisions"}],"predecessor-version":[{"id":1801,"href":"https:\/\/www-dev.branas.se\/da\/wp-json\/wp\/v2\/pages\/810\/revisions\/1801"}],"up":[{"embeddable":true,"href":"https:\/\/www-dev.branas.se\/da\/wp-json\/wp\/v2\/pages\/579"}],"wp:attachment":[{"href":"https:\/\/www-dev.branas.se\/da\/wp-json\/wp\/v2\/media?parent=810"}],"curies":[{"name":"wp","href":"https:\/\/api.w.org\/{rel}","templated":true}]}}