{"id":802,"date":"2018-11-14T11:58:09","date_gmt":"2018-11-14T11:58:09","guid":{"rendered":"https:\/\/www-dev.branas.se\/?page_id=802"},"modified":"2018-12-05T20:31:50","modified_gmt":"2018-12-05T20:31:50","slug":"bli-stugagare","status":"publish","type":"page","link":"https:\/\/www-dev.branas.se\/da\/stugagare\/bli-stugagare\/","title":{"rendered":"Bli stug\u00e4gare"},"content":{"rendered":"<div class=\"ingress\">Som stug\u00e4gare f\u00e5r du tillg\u00e5ng till flera f\u00f6rm\u00e5ner och rabatter och med v\u00e5ra m\u00e5nga skidg\u00e4ster \u00e4r efterfr\u00e5gan p\u00e5 hyrt boende st\u00e4ndigt stor. Bran\u00e4s Fritidscenter jobbar med att f\u00f6rmedla och marknadsf\u00f6ra boenden \u00e5t dig som stug\u00e4gare<\/div>\n<div><\/div>\n<div>\n<h2 style=\"text-align: center;\">Mitt Bran\u00e4s<\/h2>\n<p style=\"text-align: center;\"><a class=\"btn btn--c--prim\" href=\"http:\/\/www.mittbranas.se\/\">Mitt Bran\u00e4s<\/a><\/p>\n<h2 style=\"text-align: center;\">Mattestorp Village<\/h2>\n<p style=\"text-align: center;\"><a class=\"btn btn--c--prim\" href=\"http:\/\/www.mattestorpvillage.se\/\">L\u00e4s mer Mattestorp Village<\/a><\/p>\n<h2 style=\"text-align: center;\">Laftehyttan AB<\/h2>\n<p style=\"text-align: center;\"><a class=\"btn btn--c--prim\" href=\"http:\/\/www.branas.eu\">L\u00e4s mer Laftehyttan<\/a><\/p>\n<h2 style=\"text-align: center;\">Home to home<\/h2>\n<p style=\"text-align: center;\">Erbjuder nyckelf\u00e4rdiga stugor i oslagbart l\u00e4ge.<br \/>\n<a class=\"btn btn--c--prim\" href=\"http:\/\/branas.no\/\">L\u00e4s mer om home to home<\/a><\/p>\n<h2 style=\"text-align: center;\">Tinastorp<\/h2>\n<p style=\"text-align: center;\">Nu finns tillf\u00e4lle att f\u00f6rv\u00e4rva n\u00e5got av de tv\u00e5 nyaste fritidshusen nere i Bran\u00e4s by i dalen. V\u00e4lplanerade fritidshus i 1,5-plan med praktisk och l\u00e4ttsk\u00f6tt planl\u00f6sning, totalt 8 b\u00e4ddar.<\/p>\n<p style=\"text-align: center;\"><a class=\"btn btn--c--prim\" href=\"http:\/\/tinastorp.se\/\">L\u00e4s mer om Tinastorp<\/a><\/p>\n<h2 style=\"text-align: center;\">R\u00e4ven<\/h2>\n<p style=\"text-align: center;\">\u00c4r du intresserad av att k\u00f6pa tomt i Bran\u00e4s nya stugomr\u00e5de R\u00e4ven? R\u00e4ven erbjuder ett fint omr\u00e5de p\u00e5 Bran\u00e4s berg med n\u00e4rhet till backar och liftar.<\/p>\n<p style=\"text-align: center;\">Gunnar Arnessons \u00c5keri AB<br \/>\nKontaktuppgifter:<br \/>\n<a style=\"font-size: 1.25rem;\" href=\"mailto:arnessonakeri@telia.com\">arnessonakeri@telia.com<\/a><br \/>\n070-5938575<\/p>\n<\/div>","protected":false},"excerpt":{"rendered":"<p>Som stug\u00e4gare f\u00e5r du tillg\u00e5ng till flera f\u00f6rm\u00e5ner och rabatter och med v\u00e5ra m\u00e5nga skidg\u00e4ster \u00e4r efterfr\u00e5gan p\u00e5 hyrt boende st\u00e4ndigt stor. Bran\u00e4s Fritidscenter jobbar med att f\u00f6rmedla och marknadsf\u00f6ra boenden \u00e5t dig som stug\u00e4gare Mitt Bran\u00e4s Mitt Bran\u00e4s Mattestorp Village L\u00e4s mer Mattestorp Village Laftehyttan AB L\u00e4s mer Laftehyttan Home to home Erbjuder nyckelf\u00e4rdiga [&hellip;]<\/p>","protected":false},"author":2,"featured_media":0,"parent":583,"menu_order":0,"comment_status":"closed","ping_status":"closed","template":"","meta":{"_acf_changed":false,"footnotes":""},"class_list":["post-802","page","type-page","status-publish","hentry"],"acf":[],"_links":{"self":[{"href":"https:\/\/www-dev.branas.se\/da\/wp-json\/wp\/v2\/pages\/802"}],"collection":[{"href":"https:\/\/www-dev.branas.se\/da\/wp-json\/wp\/v2\/pages"}],"about":[{"href":"https:\/\/www-dev.branas.se\/da\/wp-json\/wp\/v2\/types\/page"}],"author":[{"embeddable":true,"href":"https:\/\/www-dev.branas.se\/da\/wp-json\/wp\/v2\/users\/2"}],"replies":[{"embeddable":true,"href":"https:\/\/www-dev.branas.se\/da\/wp-json\/wp\/v2\/comments?post=802"}],"version-history":[{"count":8,"href":"https:\/\/www-dev.branas.se\/da\/wp-json\/wp\/v2\/pages\/802\/revisions"}],"predecessor-version":[{"id":1509,"href":"https:\/\/www-dev.branas.se\/da\/wp-json\/wp\/v2\/pages\/802\/revisions\/1509"}],"up":[{"embeddable":true,"href":"https:\/\/www-dev.branas.se\/da\/wp-json\/wp\/v2\/pages\/583"}],"wp:attachment":[{"href":"https:\/\/www-dev.branas.se\/da\/wp-json\/wp\/v2\/media?parent=802"}],"curies":[{"name":"wp","href":"https:\/\/api.w.org\/{rel}","templated":true}]}}