{"id":670,"date":"2018-10-31T13:56:00","date_gmt":"2018-10-31T13:56:00","guid":{"rendered":"https:\/\/www-dev.branas.se\/?page_id=670"},"modified":"2018-12-15T10:51:45","modified_gmt":"2018-12-15T10:51:45","slug":"prislista-skidverkstad","status":"publish","type":"page","link":"https:\/\/www-dev.branas.se\/da\/hyra-skidor\/skidverkstad\/prislista-skidverkstad\/","title":{"rendered":"Prislista Skidverkstad"},"content":{"rendered":"<div class=\"ingress\">Skicket p\u00e5 din utrustning spelar stor roll f\u00f6r din upplevelse i backen. \u00c4r det l\u00e4ngesedan du gav dina skidor service s\u00e5 kommer du garanterat f\u00e5 en ny upplevelse. Kom in i skiduthyrningen i Bran\u00e4s by s\u00e5 hj\u00e4lper vi dig med vilken typ av service dina skidor beh\u00f6ver!<\/div>\n<h2 style=\"text-align: center;\">Prislista alpinskidor<\/h2>\n<table style=\"border-collapse: collapse; width: 100%;\" border=\"1\">\n<thead>\n<tr style=\"height: 36px;\">\n<th style=\"width: 50%; height: 36px;\">Service<\/th>\n<th style=\"width: 50%; height: 36px;\">Pris<\/th>\n<\/tr>\n<\/thead>\n<tbody>\n<tr style=\"height: 17px;\">\n<td style=\"width: 50%; text-align: left; height: 17px;\"><strong>Bronspaket<br \/>\n<\/strong>Kantslip<\/td>\n<td style=\"width: 50%; text-align: left; height: 17px;\">230:-<\/td>\n<\/tr>\n<tr style=\"height: 17px;\">\n<td style=\"width: 50%; text-align: left; height: 17px;\"><strong><strong>Silverpaket<br \/>\n<\/strong><\/strong>Kantslip och maskinvalla<strong><br \/>\n<\/strong><\/td>\n<td style=\"width: 50%; text-align: left; height: 17px;\">350:-<\/td>\n<\/tr>\n<tr style=\"height: 17px;\">\n<td style=\"width: 50%; text-align: left; height: 17px;\"><strong><strong>Guldpaket<br \/>\n<\/strong><\/strong>Helfix, il\u00e4gg av belag, planslip med struktur och kantslip samt maskinvalla<strong><br \/>\n<\/strong><\/td>\n<td style=\"width: 50%; text-align: left; height: 17px;\">430:-<\/td>\n<\/tr>\n<tr style=\"height: 17px;\">\n<td style=\"width: 50%; text-align: left; height: 17px;\"><strong><strong>Diamantpaket<br \/>\n<\/strong><\/strong>Helfix, il\u00e4gg av belag, planslip med racestruktur och kantslip samt handvalla med flour<strong><br \/>\n<\/strong><\/td>\n<td style=\"width: 50%; text-align: left; height: 17px;\">695:-<\/td>\n<\/tr>\n<tr style=\"height: 17px;\">\n<td style=\"width: 50%; text-align: left; height: 17px;\"><strong><strong>Montering\/ommontering<br \/>\n<\/strong><\/strong>Montering och ommonteringar av bindningar<strong><br \/>\n<\/strong><\/td>\n<td style=\"width: 50%; text-align: left; height: 17px;\">375:-<\/td>\n<\/tr>\n<tr style=\"height: 17px;\">\n<td style=\"width: 50%; text-align: left; height: 17px;\"><strong><strong>L\u00e4gg till handvalla p\u00e5 ditt paket<br \/>\n<\/strong><\/strong>Byt ut din maskinvalla mot handvalla p\u00e5 ditt Silver- eller Guldpaket<strong><br \/>\n<\/strong><\/td>\n<td style=\"width: 50%; text-align: left; height: 17px;\">100:-<\/td>\n<\/tr>\n<tr style=\"height: 17px;\">\n<td style=\"width: 50%; text-align: left; height: 17px;\"><strong>Stansning av ditt Guld eller Diamantpaket<\/strong><\/td>\n<td style=\"width: 50%; text-align: left; height: 17px;\">190:- \/ paket<\/td>\n<\/tr>\n<\/tbody>\n<\/table>\n<h2 style=\"text-align: center;\">Priser l\u00e4ngdskidor<\/h2>\n<table style=\"border-collapse: collapse; width: 100%;\" border=\"1\">\n<thead>\n<tr>\n<th style=\"width: 50%; text-align: left;\">Service<\/th>\n<th style=\"width: 50%; text-align: left;\">Pris<\/th>\n<\/tr>\n<\/thead>\n<tbody>\n<tr style=\"height: 17px;\">\n<td style=\"width: 50%; text-align: left; height: 17px;\"><strong><strong>Bronspaket<br \/>\n<\/strong><\/strong>Endast glidvalla<strong><br \/>\n<\/strong><\/td>\n<td style=\"width: 50%; text-align: left; height: 17px;\">175:-<\/td>\n<\/tr>\n<tr style=\"height: 17px;\">\n<td style=\"width: 50%; text-align: left; height: 17px;\"><strong><strong>Silverpaket L\u00e4ngd<br \/>\n<\/strong><\/strong>Glidvalla och grepptejp<strong><br \/>\n<\/strong><\/td>\n<td style=\"width: 50%; text-align: left; height: 17px;\">350:-<\/td>\n<\/tr>\n<tr style=\"height: 17px;\">\n<td style=\"width: 50%; text-align: left; height: 17px;\"><strong><strong>Guldpaket<br \/>\n<\/strong><\/strong>Reng\u00f6ring, glidvalla och grepptejp<strong><br \/>\n<\/strong><\/td>\n<td style=\"width: 50%; text-align: left; height: 17px;\">495:-<\/td>\n<\/tr>\n<tr>\n<td style=\"width: 50%; text-align: left;\"><strong><strong>Endast reng\u00f6ring<br \/>\n<\/strong><\/strong>Vi reng\u00f6r belaget fr\u00e5n valla och tejprester<strong><br \/>\n<\/strong><\/td>\n<td style=\"width: 50%; text-align: left;\">130:-<\/td>\n<\/tr>\n<\/tbody>\n<\/table>\n<p><small class=\"small\">Observera att valla\/reparationer av utrustning g\u00f6rs i skiduthyrningen i Bran\u00e4s by.<\/small><\/p>","protected":false},"excerpt":{"rendered":"<p>Skicket p\u00e5 din utrustning spelar stor roll f\u00f6r din upplevelse i backen. \u00c4r det l\u00e4ngesedan du gav dina skidor service s\u00e5 kommer du garanterat f\u00e5 en ny upplevelse. Kom in i skiduthyrningen i Bran\u00e4s by s\u00e5 hj\u00e4lper vi dig med vilken typ av service dina skidor beh\u00f6ver! Prislista alpinskidor Service Pris Bronspaket Kantslip 230:- Silverpaket [&hellip;]<\/p>","protected":false},"author":2,"featured_media":0,"parent":51,"menu_order":0,"comment_status":"closed","ping_status":"closed","template":"","meta":{"_acf_changed":false,"footnotes":""},"class_list":["post-670","page","type-page","status-publish","hentry"],"acf":[],"_links":{"self":[{"href":"https:\/\/www-dev.branas.se\/da\/wp-json\/wp\/v2\/pages\/670"}],"collection":[{"href":"https:\/\/www-dev.branas.se\/da\/wp-json\/wp\/v2\/pages"}],"about":[{"href":"https:\/\/www-dev.branas.se\/da\/wp-json\/wp\/v2\/types\/page"}],"author":[{"embeddable":true,"href":"https:\/\/www-dev.branas.se\/da\/wp-json\/wp\/v2\/users\/2"}],"replies":[{"embeddable":true,"href":"https:\/\/www-dev.branas.se\/da\/wp-json\/wp\/v2\/comments?post=670"}],"version-history":[{"count":13,"href":"https:\/\/www-dev.branas.se\/da\/wp-json\/wp\/v2\/pages\/670\/revisions"}],"predecessor-version":[{"id":1785,"href":"https:\/\/www-dev.branas.se\/da\/wp-json\/wp\/v2\/pages\/670\/revisions\/1785"}],"up":[{"embeddable":true,"href":"https:\/\/www-dev.branas.se\/da\/wp-json\/wp\/v2\/pages\/51"}],"wp:attachment":[{"href":"https:\/\/www-dev.branas.se\/da\/wp-json\/wp\/v2\/media?parent=670"}],"curies":[{"name":"wp","href":"https:\/\/api.w.org\/{rel}","templated":true}]}}