{"id":651,"date":"2018-10-31T13:31:06","date_gmt":"2018-10-31T13:31:06","guid":{"rendered":"https:\/\/www-dev.branas.se\/?page_id=651"},"modified":"2018-12-11T17:39:33","modified_gmt":"2018-12-11T17:39:33","slug":"kontakt","status":"publish","type":"page","link":"https:\/\/www-dev.branas.se\/da\/om-branasgruppen\/kontakt\/","title":{"rendered":"Kontakt"},"content":{"rendered":"<div class=\"ingress\">Vi hj\u00e4lper till med allt som r\u00f6r din vistelse hos oss. Vi vill att din tid i Bran\u00e4s ska vara s\u00e5 bekv\u00e4m och rolig som det bara \u00e4r m\u00f6jligt. Varmt v\u00e4lkommen att kontakta oss med fr\u00e5gor inf\u00f6r din resa, under tiden du \u00e4r h\u00e4r eller om det \u00e4r n\u00e5got du funderar p\u00e5 n\u00e4r du kommit hem.<\/div>\n<div>\n<h3>Telefon<\/h3>\n<p>+46(0)54-13 26 00<\/p>\n<h3>Jourtelefon<\/h3>\n<p>+46 (0)54-13 26 00, v\u00e4lj Bran\u00e4s\/Infocenter\/tryck ett p\u00e5 din telefon.<\/p>\n<h3>E-post<\/h3>\n<p><a href=\"mailto:info@branas.se\">info@branas.se<\/a><\/p>\n<h3>Postadress<\/h3>\n<p>Bran\u00e4s Fritidscenter, Gondolv\u00e4gen 2, 680 60 Syssleb\u00e4ck<br \/>\nOrg.nr: 556491-8075<\/p>\n<h3>Kontor Karlstad<\/h3>\n<p>Bran\u00e4sgruppen, Drottninggatan 40, 652 25 Karlstad<br \/>\nTelefon: 054-13 26 00<\/p>\n<h3>Stug\u00e4garkontakt<\/h3>\n<p>\u00c4r du stug\u00e4gare och har funderingar eller \u00f6nskar boka ditt eget boende, tag kontakt med n\u00e5gon av v\u00e5ra stug\u00e4garkontakter enligt uppgifterna nedan.<\/p>\n<h3>Telefon<\/h3>\n<p>+46(0)54-13 26 53<\/p>\n<h3>E-post<\/h3>\n<p><a href=\"mailto:agarkontakt@branas.se\">agarkontakt@branas.se<\/a><\/p>\n<\/div>","protected":false},"excerpt":{"rendered":"<p>Vi hj\u00e4lper till med allt som r\u00f6r din vistelse hos oss. Vi vill att din tid i Bran\u00e4s ska vara s\u00e5 bekv\u00e4m och rolig som det bara \u00e4r m\u00f6jligt. Varmt v\u00e4lkommen att kontakta oss med fr\u00e5gor inf\u00f6r din resa, under tiden du \u00e4r h\u00e4r eller om det \u00e4r n\u00e5got du funderar p\u00e5 n\u00e4r du kommit [&hellip;]<\/p>","protected":false},"author":2,"featured_media":0,"parent":579,"menu_order":0,"comment_status":"closed","ping_status":"closed","template":"","meta":{"_acf_changed":false,"footnotes":""},"class_list":["post-651","page","type-page","status-publish","hentry"],"acf":[],"_links":{"self":[{"href":"https:\/\/www-dev.branas.se\/da\/wp-json\/wp\/v2\/pages\/651"}],"collection":[{"href":"https:\/\/www-dev.branas.se\/da\/wp-json\/wp\/v2\/pages"}],"about":[{"href":"https:\/\/www-dev.branas.se\/da\/wp-json\/wp\/v2\/types\/page"}],"author":[{"embeddable":true,"href":"https:\/\/www-dev.branas.se\/da\/wp-json\/wp\/v2\/users\/2"}],"replies":[{"embeddable":true,"href":"https:\/\/www-dev.branas.se\/da\/wp-json\/wp\/v2\/comments?post=651"}],"version-history":[{"count":4,"href":"https:\/\/www-dev.branas.se\/da\/wp-json\/wp\/v2\/pages\/651\/revisions"}],"predecessor-version":[{"id":1759,"href":"https:\/\/www-dev.branas.se\/da\/wp-json\/wp\/v2\/pages\/651\/revisions\/1759"}],"up":[{"embeddable":true,"href":"https:\/\/www-dev.branas.se\/da\/wp-json\/wp\/v2\/pages\/579"}],"wp:attachment":[{"href":"https:\/\/www-dev.branas.se\/da\/wp-json\/wp\/v2\/media?parent=651"}],"curies":[{"name":"wp","href":"https:\/\/api.w.org\/{rel}","templated":true}]}}