{"id":646,"date":"2018-10-31T13:19:47","date_gmt":"2018-10-31T13:19:47","guid":{"rendered":"https:\/\/www-dev.branas.se\/?page_id=646"},"modified":"2018-12-18T11:32:19","modified_gmt":"2018-12-18T11:32:19","slug":"hitta-hit","status":"publish","type":"page","link":"https:\/\/www-dev.branas.se\/da\/om-branasgruppen\/hitta-hit\/","title":{"rendered":"Hitta hit"},"content":{"rendered":"<p style=\"text-align: center;\"><a class=\"btn btn--action\" href=\"https:\/\/www.google.com\/maps\/dir\/\/60.6598442,12.9691249\/@60.6583272,12.9642132,16z\/data=!4m2!4m1!3e0?hl=sv-SE\" target=\"_blank\" rel=\"noopener\">Hitta till bran\u00e4s by<\/a><\/p>\n<h3 style=\"text-align: center;\"><a class=\"btn btn--action\" href=\"https:\/\/www.google.com\/maps\/dir\/\/60.6456914,12.943353\/@60.6465399,12.9451775,15.75z\/data=!4m2!4m1!3e0?hl=sv-SE\" target=\"_blank\" rel=\"noopener\">hitta till Bran\u00e4s berget<\/a><\/h3>\n<h3><span style=\"font-size: 18.72px;\">FR\u00c5N G\u00d6TEBORG<\/span><\/h3>\n<p>F\u00f6lj E45 mot v\u00e4g 62 i V\u00e4rmlands l\u00e4n. F\u00f6lj v\u00e4g 62 mot Gondolv\u00e4gen.<\/p>\n<h3>FR\u00c5N STOCKHOLM<\/h3>\n<p>V\u00e4lj E18 eller E20 mot \u00d6rebro beroende p\u00e5 vart ni bor. Forts\u00e4tt E18 till V\u00e4se d\u00e4r ni sv\u00e4nger av mot v\u00e4g 240.<br \/>\nAlternativt forts\u00e4tter ni genom Karlstad och v\u00e4ljer den lite rakare och bredare v\u00e4g 62 norrut.<br \/>\nK\u00f6r mot Gondolv\u00e4gen.<\/p>\n<h3>FR\u00c5N MORA<\/h3>\n<p>K\u00f6r mot v\u00e4g 26\/E45.<br \/>\nF\u00f6lj E45 mot v\u00e4g 62 i V\u00e4rmlands l\u00e4n.<br \/>\nF\u00f6lj v\u00e4g 62 mot Gondolv\u00e4gen.<\/p>\n<h3>FR\u00c5N OSLO<\/h3>\n<p>K\u00f6r fr\u00e5n E16, Rv2, Rv205, Rv202 och Bograngenv\u00e4gen till V\u00e4rmlands l\u00e4n, Sverige.<br \/>\nK\u00f6r mot Gondolv\u00e4gen.<\/p>\n<h3>F\u00c4RJA FR\u00c5N DANMARK<\/h3>\n<p>Brug for f\u00e6rgebilletter? Sejl med Stena Line og f\u00e5 op til 20% rabat ekskl. afgifter! Rejs fra 1\/12 2018 og til 14\/4 2019 for at opn\u00e5 rabatten.<\/p>\n<p><iframe loading=\"lazy\" src=\"\/\/www.stenaline.dk\/book\/whitelabel\/frame?language=&amp;displayMode=&amp;backgroundColor=&amp;color=&amp;borderColor=&amp;buttonBackgroundColor=&amp;buttonTextColor=&amp;filterRoutes=&amp;prepopulatedRoute=&amp;tripType=Efp&amp;showOffercode=false&amp;prepopulatedOfferCode=OLPDEST20&amp;prepopulatedOfferCodeSecurityId=&amp;product=&amp;headerBackgroundColor=&amp;headerTextColor=&amp;olpId=9022CDC2-D3F4-4A05-A11E-89C92E89F584&amp;affiliateId=&amp;affiliateName=zanpid&amp;showHeaderText=true&amp;showHeaderLogo=true&amp;showHeaderLogoText=true&amp;headerLogoText=\" width=\"300\" height=\"448\" frameborder=\"0\" marginwidth=\"\" marginheight=\"\" scrolling=\"no\"><\/iframe><\/p>\n<p><iframe loading=\"lazy\" style=\"border: 0;\" src=\"https:\/\/www.google.com\/maps\/embed?pb=!1m18!1m12!1m3!1d3909.883291147059!2d12.960454373805018!3d60.66056056353355!2m3!1f0!2f0!3f0!3m2!1i1024!2i768!4f13.1!3m3!1m2!1s0x4642822e6e3f8927%3A0x8bde0cb363160fc9!2sSki+Lodge!5e0!3m2!1ssv!2sse!4v1542284192952\" width=\"600\" height=\"450\" frameborder=\"0\" allowfullscreen=\"allowfullscreen\"><\/iframe><\/p>","protected":false},"excerpt":{"rendered":"<p>Hitta till bran\u00e4s by hitta till Bran\u00e4s berget FR\u00c5N G\u00d6TEBORG F\u00f6lj E45 mot v\u00e4g 62 i V\u00e4rmlands l\u00e4n. F\u00f6lj v\u00e4g 62 mot Gondolv\u00e4gen. FR\u00c5N STOCKHOLM V\u00e4lj E18 eller E20 mot \u00d6rebro beroende p\u00e5 vart ni bor. Forts\u00e4tt E18 till V\u00e4se d\u00e4r ni sv\u00e4nger av mot v\u00e4g 240. Alternativt forts\u00e4tter ni genom Karlstad och v\u00e4ljer den [&hellip;]<\/p>","protected":false},"author":2,"featured_media":0,"parent":579,"menu_order":0,"comment_status":"closed","ping_status":"closed","template":"","meta":{"_acf_changed":false,"footnotes":""},"class_list":["post-646","page","type-page","status-publish","hentry"],"acf":[],"_links":{"self":[{"href":"https:\/\/www-dev.branas.se\/da\/wp-json\/wp\/v2\/pages\/646"}],"collection":[{"href":"https:\/\/www-dev.branas.se\/da\/wp-json\/wp\/v2\/pages"}],"about":[{"href":"https:\/\/www-dev.branas.se\/da\/wp-json\/wp\/v2\/types\/page"}],"author":[{"embeddable":true,"href":"https:\/\/www-dev.branas.se\/da\/wp-json\/wp\/v2\/users\/2"}],"replies":[{"embeddable":true,"href":"https:\/\/www-dev.branas.se\/da\/wp-json\/wp\/v2\/comments?post=646"}],"version-history":[{"count":10,"href":"https:\/\/www-dev.branas.se\/da\/wp-json\/wp\/v2\/pages\/646\/revisions"}],"predecessor-version":[{"id":2000,"href":"https:\/\/www-dev.branas.se\/da\/wp-json\/wp\/v2\/pages\/646\/revisions\/2000"}],"up":[{"embeddable":true,"href":"https:\/\/www-dev.branas.se\/da\/wp-json\/wp\/v2\/pages\/579"}],"wp:attachment":[{"href":"https:\/\/www-dev.branas.se\/da\/wp-json\/wp\/v2\/media?parent=646"}],"curies":[{"name":"wp","href":"https:\/\/api.w.org\/{rel}","templated":true}]}}