{"id":573,"date":"2018-10-30T20:27:54","date_gmt":"2018-10-30T20:27:54","guid":{"rendered":"https:\/\/www-dev.branas.se\/?page_id=573"},"modified":"2018-12-18T09:30:08","modified_gmt":"2018-12-18T09:30:08","slug":"arets-barnskidsemester","status":"publish","type":"page","link":"https:\/\/www-dev.branas.se\/da\/bjornbusarna\/arets-barnskidsemester\/","title":{"rendered":"\u00c5rets barnsemesterpris"},"content":{"rendered":"<p>Bran\u00e4s har vunnit Stora Barnsemesterpriset hela elva g\u00e5nger. F\u00f6r oss \u00e4r priset extra v\u00e4rdefullt d\u00e5 det \u00e4r g\u00e4sterna sj\u00e4lva som r\u00f6star fram vinnaren.<\/p>\n<p>Tack!<\/p>","protected":false},"excerpt":{"rendered":"<p>Bran\u00e4s har vunnit Stora Barnsemesterpriset hela elva g\u00e5nger. F\u00f6r oss \u00e4r priset extra v\u00e4rdefullt d\u00e5 det \u00e4r g\u00e4sterna sj\u00e4lva som r\u00f6star fram vinnaren. Tack!<\/p>","protected":false},"author":2,"featured_media":0,"parent":567,"menu_order":0,"comment_status":"closed","ping_status":"closed","template":"","meta":{"_acf_changed":false,"footnotes":""},"class_list":["post-573","page","type-page","status-publish","hentry"],"acf":[],"_links":{"self":[{"href":"https:\/\/www-dev.branas.se\/da\/wp-json\/wp\/v2\/pages\/573"}],"collection":[{"href":"https:\/\/www-dev.branas.se\/da\/wp-json\/wp\/v2\/pages"}],"about":[{"href":"https:\/\/www-dev.branas.se\/da\/wp-json\/wp\/v2\/types\/page"}],"author":[{"embeddable":true,"href":"https:\/\/www-dev.branas.se\/da\/wp-json\/wp\/v2\/users\/2"}],"replies":[{"embeddable":true,"href":"https:\/\/www-dev.branas.se\/da\/wp-json\/wp\/v2\/comments?post=573"}],"version-history":[{"count":9,"href":"https:\/\/www-dev.branas.se\/da\/wp-json\/wp\/v2\/pages\/573\/revisions"}],"predecessor-version":[{"id":1918,"href":"https:\/\/www-dev.branas.se\/da\/wp-json\/wp\/v2\/pages\/573\/revisions\/1918"}],"up":[{"embeddable":true,"href":"https:\/\/www-dev.branas.se\/da\/wp-json\/wp\/v2\/pages\/567"}],"wp:attachment":[{"href":"https:\/\/www-dev.branas.se\/da\/wp-json\/wp\/v2\/media?parent=573"}],"curies":[{"name":"wp","href":"https:\/\/api.w.org\/{rel}","templated":true}]}}