{"id":57,"date":"2018-10-11T09:44:19","date_gmt":"2018-10-11T07:44:19","guid":{"rendered":"https:\/\/www-dev.branas.se\/?page_id=57"},"modified":"2018-12-17T14:28:31","modified_gmt":"2018-12-17T14:28:31","slug":"langdskidor","status":"publish","type":"page","link":"https:\/\/www-dev.branas.se\/da\/skidakning-i-branas\/langdskidor\/","title":{"rendered":"L\u00e4ngdskidor"},"content":{"rendered":"<div class=\"ingress\">I Bran\u00e4s finns v\u00e4l underh\u00e5llna l\u00e4ngdsp\u00e5r med plats f\u00f6r b\u00e5de klassisk stil och skating. I sp\u00e5rl\u00e4ngden p\u00e5 totalt 28 kilometer ing\u00e5r sex olika sp\u00e5r i varierande l\u00e4ngd. Perfekt f\u00f6r b\u00e5de nyb\u00f6rjare och vana skidmotion\u00e4rer!<\/div>\n<div><\/div>\n<div>\n<p style=\"text-align: center;\"><a class=\"btn btn--action\" href=\"https:\/\/www.branas.se\/bokning\/#\/skidhyra\">HYR L\u00c4NGDSKIDOR<\/a><\/p>\n<p style=\"text-align: center;\"><a class=\"btn btn--action\" href=\"https:\/\/www-dev.branas.se\/da\/fragor\/skidakning\/\">VANLIGA FR\u00c5GOR OM L\u00c4NGDSKID\u00c5KNING<\/a><\/p>\n<hr \/>\n<\/div>\n<h2>Sp\u00e5rkort<\/h2>\n<p>Sp\u00e5rkort till l\u00e4ngdskidsp\u00e5ren k\u00f6per du i Infocenter eller i skiduthyrningen p\u00e5 berget. Ditt liftkort f\u00f6r alpin\u00e5kning fungerar \u00e4ven som sp\u00e5rkort. Om du inte har ett ordinarie liftkort och vill \u00e5ka l\u00e4ngdskidor m\u00e5ste du k\u00f6pa ett sp\u00e5rkort.<\/p>\n<ul>\n<li>90 kr\/vuxen<\/li>\n<li>55 kr\/ungdom<\/li>\n<li>Gratis f\u00f6r barn\u200b<\/li>\n<\/ul>\n<h2>L\u00e4ngd p\u00e5 sp\u00e5ren<\/h2>\n<p>1.5 km, 1.5 km (elljussp\u00e5r), 2.5 km, 5 km, 7.5 km och 10 km. 1.5 km sp\u00e5ret \u00e4r l\u00e4tt, 5 km sp\u00e5ret medelsv\u00e5rt och de andra \u00e4r sm\u00e5kuperade med en brant nedf\u00f6rsbacke i slutet. I sp\u00e5ret p\u00e5 2.5 km \u00e4r hundar till\u00e5tna.<\/p>\n<hr \/>","protected":false},"excerpt":{"rendered":"<p>I Bran\u00e4s finns v\u00e4l underh\u00e5llna l\u00e4ngdsp\u00e5r med plats f\u00f6r b\u00e5de klassisk stil och skating. I sp\u00e5rl\u00e4ngden p\u00e5 totalt 28 kilometer ing\u00e5r sex olika sp\u00e5r i varierande l\u00e4ngd. Perfekt f\u00f6r b\u00e5de nyb\u00f6rjare och vana skidmotion\u00e4rer! HYR L\u00c4NGDSKIDOR VANLIGA FR\u00c5GOR OM L\u00c4NGDSKID\u00c5KNING Sp\u00e5rkort Sp\u00e5rkort till l\u00e4ngdskidsp\u00e5ren k\u00f6per du i Infocenter eller i skiduthyrningen p\u00e5 berget. Ditt liftkort [&hellip;]<\/p>","protected":false},"author":2,"featured_media":0,"parent":368,"menu_order":0,"comment_status":"closed","ping_status":"closed","template":"","meta":{"_acf_changed":false,"footnotes":""},"class_list":["post-57","page","type-page","status-publish","hentry"],"acf":[],"_links":{"self":[{"href":"https:\/\/www-dev.branas.se\/da\/wp-json\/wp\/v2\/pages\/57"}],"collection":[{"href":"https:\/\/www-dev.branas.se\/da\/wp-json\/wp\/v2\/pages"}],"about":[{"href":"https:\/\/www-dev.branas.se\/da\/wp-json\/wp\/v2\/types\/page"}],"author":[{"embeddable":true,"href":"https:\/\/www-dev.branas.se\/da\/wp-json\/wp\/v2\/users\/2"}],"replies":[{"embeddable":true,"href":"https:\/\/www-dev.branas.se\/da\/wp-json\/wp\/v2\/comments?post=57"}],"version-history":[{"count":31,"href":"https:\/\/www-dev.branas.se\/da\/wp-json\/wp\/v2\/pages\/57\/revisions"}],"predecessor-version":[{"id":1839,"href":"https:\/\/www-dev.branas.se\/da\/wp-json\/wp\/v2\/pages\/57\/revisions\/1839"}],"up":[{"embeddable":true,"href":"https:\/\/www-dev.branas.se\/da\/wp-json\/wp\/v2\/pages\/368"}],"wp:attachment":[{"href":"https:\/\/www-dev.branas.se\/da\/wp-json\/wp\/v2\/media?parent=57"}],"curies":[{"name":"wp","href":"https:\/\/api.w.org\/{rel}","templated":true}]}}