{"id":561,"date":"2018-10-30T20:19:41","date_gmt":"2018-10-30T20:19:41","guid":{"rendered":"https:\/\/www-dev.branas.se\/?page_id=561"},"modified":"2018-12-18T09:55:46","modified_gmt":"2018-12-18T09:55:46","slug":"afterski","status":"publish","type":"page","link":"https:\/\/www-dev.branas.se\/da\/underhallning-aktiviteter\/afterski\/","title":{"rendered":"Afterski"},"content":{"rendered":"<h2 style=\"text-align: center;\">Live After Ski i Brant\u2019s Bar &amp; Restaurang<\/h2>\n<p style=\"text-align: center;\">Avsluta dagens aktiviteter i Brant\u2019s Bar &amp; Restaurang med After Ski. Varje fredag och l\u00f6rdag hela s\u00e4songen mellan 15.00 och 17.00! Det utlovas mycket n\u00f6je, drag och singalong med riktigt bra liveband.<br \/>\nAlla dagar har vi After Ski-priser mellan 15.00 och 17.00 i alla v\u00e5ra restauranger.<\/p>\n<hr \/>\n<h2 style=\"text-align: center;\">Late Nights i Brant\u2019s Bar &amp; Restaurang<\/h2>\n<p style=\"text-align: center;\">Varje fredag och l\u00f6rdag (med start fr\u00e5n och med 23\/12) har vi Late Nights i Brant\u2019s Bar och Restaurang. V\u00e5r DJ b\u00f6rjar spela 22.00 och s\u00e4tter st\u00e4mningen f\u00f6r resten av kv\u00e4llen. Kom och njut av lite sk\u00f6n musik med n\u00e5got gott i glaset fram till kl. 01.00.<\/p>\n<p style=\"text-align: center;\">\u00c5ldersgr\u00e4ns \u00e4r 18 \u00e5r och g\u00e4ller fr\u00e5n kl. 23.00<\/p>\n<hr \/>\n<p>&nbsp;<\/p>","protected":false},"excerpt":{"rendered":"<p>Live After Ski i Brant\u2019s Bar &amp; Restaurang Avsluta dagens aktiviteter i Brant\u2019s Bar &amp; Restaurang med After Ski. Varje fredag och l\u00f6rdag hela s\u00e4songen mellan 15.00 och 17.00! Det utlovas mycket n\u00f6je, drag och singalong med riktigt bra liveband. Alla dagar har vi After Ski-priser mellan 15.00 och 17.00 i alla v\u00e5ra restauranger. Late [&hellip;]<\/p>","protected":false},"author":2,"featured_media":0,"parent":91,"menu_order":0,"comment_status":"closed","ping_status":"closed","template":"","meta":{"_acf_changed":false,"footnotes":""},"class_list":["post-561","page","type-page","status-publish","hentry"],"acf":[],"_links":{"self":[{"href":"https:\/\/www-dev.branas.se\/da\/wp-json\/wp\/v2\/pages\/561"}],"collection":[{"href":"https:\/\/www-dev.branas.se\/da\/wp-json\/wp\/v2\/pages"}],"about":[{"href":"https:\/\/www-dev.branas.se\/da\/wp-json\/wp\/v2\/types\/page"}],"author":[{"embeddable":true,"href":"https:\/\/www-dev.branas.se\/da\/wp-json\/wp\/v2\/users\/2"}],"replies":[{"embeddable":true,"href":"https:\/\/www-dev.branas.se\/da\/wp-json\/wp\/v2\/comments?post=561"}],"version-history":[{"count":6,"href":"https:\/\/www-dev.branas.se\/da\/wp-json\/wp\/v2\/pages\/561\/revisions"}],"predecessor-version":[{"id":1951,"href":"https:\/\/www-dev.branas.se\/da\/wp-json\/wp\/v2\/pages\/561\/revisions\/1951"}],"up":[{"embeddable":true,"href":"https:\/\/www-dev.branas.se\/da\/wp-json\/wp\/v2\/pages\/91"}],"wp:attachment":[{"href":"https:\/\/www-dev.branas.se\/da\/wp-json\/wp\/v2\/media?parent=561"}],"curies":[{"name":"wp","href":"https:\/\/api.w.org\/{rel}","templated":true}]}}