{"id":526,"date":"2018-10-30T17:23:47","date_gmt":"2018-10-30T17:23:47","guid":{"rendered":"https:\/\/www-dev.branas.se\/?page_id=526"},"modified":"2018-12-18T09:00:24","modified_gmt":"2018-12-18T09:00:24","slug":"pa-plats","status":"publish","type":"page","link":"https:\/\/www-dev.branas.se\/da\/pa-plats\/","title":{"rendered":"P\u00e5 plats"},"content":{"rendered":"<h2 style=\"text-align: center;\">Infocenter<\/h2>\n<p style=\"text-align: center;\">I Bran\u00e4s finns tv\u00e5 Infocenter d\u00e4r du kan f\u00e5\u00a0hj\u00e4lp via telefon eller direkt p\u00e5 plats. H\u00e4r kan du boka skidskola, aktiviteter, k\u00f6pa liftkort och f\u00e5 hj\u00e4lp med allm\u00e4nna fr\u00e5gor om ditt boende.<br \/>\nInfocenter i Bran\u00e4s by ligger mitt emot skidhyran, i samma hus som v\u00e5ra restauranger.<\/p>\n<p style=\"text-align: center;\">P\u00e5 berget\u00a0hittar du v\u00e5rt\u00a0Infocenter i en egen lokal p\u00e5 baksidan av skidhyran.<\/p>\n<hr \/>\n<h2 style=\"text-align: center;\">N\u00e4rlivs<\/h2>\n<p style=\"text-align: center;\">I Bran\u00e4s finns tv\u00e5 livsmedelsbutiker som s\u00e4ljer det mesta du beh\u00f6ver f\u00f6r en enkel och bekv\u00e4m vistelse hos oss.<\/p>\n<p style=\"text-align: center;\"><a class=\"btn btn--action\" href=\"https:\/\/www-dev.branas.se\/da\/pa-plats\/narlivs\/\">N\u00e4rlivs i Bran\u00e4s<\/a><\/p>\n<hr \/>\n<h2 id=\"bankomat-apotek\" style=\"text-align: center;\">Bankomat och apotek<\/h2>\n<p style=\"text-align: center;\"><a class=\"btn btn--action\" href=\"https:\/\/www-dev.branas.se\/da\/pa-plats\/bankomat-och-apotek\/\">Apotek och bankomat<\/a><\/p>\n<hr \/>\n<h2 id=\"atervinning\" style=\"text-align: center;\">\u00c5tervinning<\/h2>\n<p style=\"text-align: center;\">I Bran\u00e4s finns flera \u00e5tervinningsstationer b\u00e5de i Bran\u00e4s By och p\u00e5 Berget.<\/p>\n<p style=\"text-align: center;\"><a class=\"btn btn--action\" href=\"https:\/\/www-dev.branas.se\/da\/pa-plats\/atervinning\/\">\u00c5tervinningsstationer<\/a><\/p>\n<hr \/>","protected":false},"excerpt":{"rendered":"<p>Infocenter I Bran\u00e4s finns tv\u00e5 Infocenter d\u00e4r du kan f\u00e5\u00a0hj\u00e4lp via telefon eller direkt p\u00e5 plats. H\u00e4r kan du boka skidskola, aktiviteter, k\u00f6pa liftkort och f\u00e5 hj\u00e4lp med allm\u00e4nna fr\u00e5gor om ditt boende. Infocenter i Bran\u00e4s by ligger mitt emot skidhyran, i samma hus som v\u00e5ra restauranger. P\u00e5 berget\u00a0hittar du v\u00e5rt\u00a0Infocenter i en egen lokal [&hellip;]<\/p>","protected":false},"author":2,"featured_media":0,"parent":0,"menu_order":0,"comment_status":"closed","ping_status":"closed","template":"","meta":{"_acf_changed":false,"footnotes":""},"class_list":["post-526","page","type-page","status-publish","hentry"],"acf":[],"_links":{"self":[{"href":"https:\/\/www-dev.branas.se\/da\/wp-json\/wp\/v2\/pages\/526"}],"collection":[{"href":"https:\/\/www-dev.branas.se\/da\/wp-json\/wp\/v2\/pages"}],"about":[{"href":"https:\/\/www-dev.branas.se\/da\/wp-json\/wp\/v2\/types\/page"}],"author":[{"embeddable":true,"href":"https:\/\/www-dev.branas.se\/da\/wp-json\/wp\/v2\/users\/2"}],"replies":[{"embeddable":true,"href":"https:\/\/www-dev.branas.se\/da\/wp-json\/wp\/v2\/comments?post=526"}],"version-history":[{"count":12,"href":"https:\/\/www-dev.branas.se\/da\/wp-json\/wp\/v2\/pages\/526\/revisions"}],"predecessor-version":[{"id":1897,"href":"https:\/\/www-dev.branas.se\/da\/wp-json\/wp\/v2\/pages\/526\/revisions\/1897"}],"wp:attachment":[{"href":"https:\/\/www-dev.branas.se\/da\/wp-json\/wp\/v2\/media?parent=526"}],"curies":[{"name":"wp","href":"https:\/\/api.w.org\/{rel}","templated":true}]}}