{"id":519,"date":"2018-10-30T17:21:38","date_gmt":"2018-10-30T17:21:38","guid":{"rendered":"https:\/\/www-dev.branas.se\/?page_id=519"},"modified":"2018-12-11T11:42:15","modified_gmt":"2018-12-11T11:42:15","slug":"infocenter","status":"publish","type":"page","link":"https:\/\/www-dev.branas.se\/da\/pa-plats\/infocenter\/","title":{"rendered":"Infocenter"},"content":{"rendered":"<div class=\"ingress\">I Bran\u00e4s finns tv\u00e5 Infocenter d\u00e4r du kan f\u00e5\u00a0hj\u00e4lp via telefon eller direkt p\u00e5 plats. Hos Infocenter i Bran\u00e4s by finns allt du beh\u00f6ver under samma tak. H\u00e4r kan du\u00a0k\u00f6pa liftkort, boka aktiviteter och\u00a0f\u00e5 svar p\u00e5 fr\u00e5gor.<\/div>\n<p style=\"text-align: center;\">P\u00e5 berget\u00a0hittar du v\u00e5rt\u00a0Infocenter i anslutning till skidhyran. I Infocenter\u00a0kan du ocks\u00e5 boka skidskola, aktiviteter och\u00a0k\u00f6pa liftkort.<\/p>","protected":false},"excerpt":{"rendered":"<p>I Bran\u00e4s finns tv\u00e5 Infocenter d\u00e4r du kan f\u00e5\u00a0hj\u00e4lp via telefon eller direkt p\u00e5 plats. Hos Infocenter i Bran\u00e4s by finns allt du beh\u00f6ver under samma tak. H\u00e4r kan du\u00a0k\u00f6pa liftkort, boka aktiviteter och\u00a0f\u00e5 svar p\u00e5 fr\u00e5gor. P\u00e5 berget\u00a0hittar du v\u00e5rt\u00a0Infocenter i anslutning till skidhyran. I Infocenter\u00a0kan du ocks\u00e5 boka skidskola, aktiviteter och\u00a0k\u00f6pa liftkort.<\/p>","protected":false},"author":2,"featured_media":0,"parent":526,"menu_order":0,"comment_status":"closed","ping_status":"closed","template":"","meta":{"_acf_changed":false,"footnotes":""},"class_list":["post-519","page","type-page","status-publish","hentry"],"acf":[],"_links":{"self":[{"href":"https:\/\/www-dev.branas.se\/da\/wp-json\/wp\/v2\/pages\/519"}],"collection":[{"href":"https:\/\/www-dev.branas.se\/da\/wp-json\/wp\/v2\/pages"}],"about":[{"href":"https:\/\/www-dev.branas.se\/da\/wp-json\/wp\/v2\/types\/page"}],"author":[{"embeddable":true,"href":"https:\/\/www-dev.branas.se\/da\/wp-json\/wp\/v2\/users\/2"}],"replies":[{"embeddable":true,"href":"https:\/\/www-dev.branas.se\/da\/wp-json\/wp\/v2\/comments?post=519"}],"version-history":[{"count":9,"href":"https:\/\/www-dev.branas.se\/da\/wp-json\/wp\/v2\/pages\/519\/revisions"}],"predecessor-version":[{"id":1706,"href":"https:\/\/www-dev.branas.se\/da\/wp-json\/wp\/v2\/pages\/519\/revisions\/1706"}],"up":[{"embeddable":true,"href":"https:\/\/www-dev.branas.se\/da\/wp-json\/wp\/v2\/pages\/526"}],"wp:attachment":[{"href":"https:\/\/www-dev.branas.se\/da\/wp-json\/wp\/v2\/media?parent=519"}],"curies":[{"name":"wp","href":"https:\/\/api.w.org\/{rel}","templated":true}]}}