{"id":51,"date":"2018-10-11T09:43:30","date_gmt":"2018-10-11T07:43:30","guid":{"rendered":"https:\/\/www-dev.branas.se\/?page_id=51"},"modified":"2018-12-17T13:58:51","modified_gmt":"2018-12-17T13:58:51","slug":"skidverkstad","status":"publish","type":"page","link":"https:\/\/www-dev.branas.se\/da\/hyra-skidor\/skidverkstad\/","title":{"rendered":"Skidverkstad"},"content":{"rendered":"<div class=\"ingress\">Skicket p\u00e5 din utrustning spelar stor roll f\u00f6r din upplevelse i backen. Bes\u00f6k v\u00e5r skidverkstad och sportshop i Bran\u00e4s by.<\/div>","protected":false},"excerpt":{"rendered":"<p>Skicket p\u00e5 din utrustning spelar stor roll f\u00f6r din upplevelse i backen. Bes\u00f6k v\u00e5r skidverkstad och sportshop i Bran\u00e4s by.<\/p>","protected":false},"author":2,"featured_media":0,"parent":374,"menu_order":5,"comment_status":"closed","ping_status":"closed","template":"","meta":{"_acf_changed":false,"footnotes":""},"class_list":["post-51","page","type-page","status-publish","hentry"],"acf":[],"_links":{"self":[{"href":"https:\/\/www-dev.branas.se\/da\/wp-json\/wp\/v2\/pages\/51"}],"collection":[{"href":"https:\/\/www-dev.branas.se\/da\/wp-json\/wp\/v2\/pages"}],"about":[{"href":"https:\/\/www-dev.branas.se\/da\/wp-json\/wp\/v2\/types\/page"}],"author":[{"embeddable":true,"href":"https:\/\/www-dev.branas.se\/da\/wp-json\/wp\/v2\/users\/2"}],"replies":[{"embeddable":true,"href":"https:\/\/www-dev.branas.se\/da\/wp-json\/wp\/v2\/comments?post=51"}],"version-history":[{"count":12,"href":"https:\/\/www-dev.branas.se\/da\/wp-json\/wp\/v2\/pages\/51\/revisions"}],"predecessor-version":[{"id":1826,"href":"https:\/\/www-dev.branas.se\/da\/wp-json\/wp\/v2\/pages\/51\/revisions\/1826"}],"up":[{"embeddable":true,"href":"https:\/\/www-dev.branas.se\/da\/wp-json\/wp\/v2\/pages\/374"}],"wp:attachment":[{"href":"https:\/\/www-dev.branas.se\/da\/wp-json\/wp\/v2\/media?parent=51"}],"curies":[{"name":"wp","href":"https:\/\/api.w.org\/{rel}","templated":true}]}}