{"id":49,"date":"2018-10-11T09:43:17","date_gmt":"2018-10-11T07:43:17","guid":{"rendered":"https:\/\/www-dev.branas.se\/?page_id=49"},"modified":"2018-12-17T14:01:47","modified_gmt":"2018-12-17T14:01:47","slug":"hyrklader","status":"publish","type":"page","link":"https:\/\/www-dev.branas.se\/da\/hyra-skidor\/hyrklader\/","title":{"rendered":"Hyrkl\u00e4der"},"content":{"rendered":"<div class=\"ingress\">Inga egna skidkl\u00e4der eller \u00e4r det lite kyligare \u00e4n du trodde? Inga problem \u2013 vi erbjuder \u00e4ven hyrkl\u00e4der f\u00f6r att du ska slippa frysa i backen.<\/div>\n<div>\n<p style=\"text-align: center;\">Du hyr kl\u00e4derna samtidigt som du hyr dina skidor. Du kan hyra ett helt st\u00e4ll eller bara jacka eller byxor. Du beh\u00f6ver helt enkelt inte oroa dig f\u00f6r att inte vara r\u00e4tt kl\u00e4dd i pisten.<\/p>\n<\/div>","protected":false},"excerpt":{"rendered":"<p>Inga egna skidkl\u00e4der eller \u00e4r det lite kyligare \u00e4n du trodde? Inga problem \u2013 vi erbjuder \u00e4ven hyrkl\u00e4der f\u00f6r att du ska slippa frysa i backen. Du hyr kl\u00e4derna samtidigt som du hyr dina skidor. Du kan hyra ett helt st\u00e4ll eller bara jacka eller byxor. Du beh\u00f6ver helt enkelt inte oroa dig f\u00f6r att [&hellip;]<\/p>","protected":false},"author":2,"featured_media":0,"parent":374,"menu_order":6,"comment_status":"closed","ping_status":"closed","template":"","meta":{"_acf_changed":false,"footnotes":""},"class_list":["post-49","page","type-page","status-publish","hentry"],"acf":[],"_links":{"self":[{"href":"https:\/\/www-dev.branas.se\/da\/wp-json\/wp\/v2\/pages\/49"}],"collection":[{"href":"https:\/\/www-dev.branas.se\/da\/wp-json\/wp\/v2\/pages"}],"about":[{"href":"https:\/\/www-dev.branas.se\/da\/wp-json\/wp\/v2\/types\/page"}],"author":[{"embeddable":true,"href":"https:\/\/www-dev.branas.se\/da\/wp-json\/wp\/v2\/users\/2"}],"replies":[{"embeddable":true,"href":"https:\/\/www-dev.branas.se\/da\/wp-json\/wp\/v2\/comments?post=49"}],"version-history":[{"count":6,"href":"https:\/\/www-dev.branas.se\/da\/wp-json\/wp\/v2\/pages\/49\/revisions"}],"predecessor-version":[{"id":1829,"href":"https:\/\/www-dev.branas.se\/da\/wp-json\/wp\/v2\/pages\/49\/revisions\/1829"}],"up":[{"embeddable":true,"href":"https:\/\/www-dev.branas.se\/da\/wp-json\/wp\/v2\/pages\/374"}],"wp:attachment":[{"href":"https:\/\/www-dev.branas.se\/da\/wp-json\/wp\/v2\/media?parent=49"}],"curies":[{"name":"wp","href":"https:\/\/api.w.org\/{rel}","templated":true}]}}