{"id":476,"date":"2018-10-30T14:26:21","date_gmt":"2018-10-30T14:26:21","guid":{"rendered":"https:\/\/www-dev.branas.se\/?page_id=476"},"modified":"2018-12-17T13:10:36","modified_gmt":"2018-12-17T13:10:36","slug":"sa-har-gar-det-till","status":"publish","type":"page","link":"https:\/\/www-dev.branas.se\/da\/hyra-skidor\/sa-har-gar-det-till\/","title":{"rendered":"S\u00e5 h\u00e4r g\u00e5r det till"},"content":{"rendered":"<div><\/div>\n<div class=\"ingress\">Bran\u00e4s skiduthyrning \u00e4r helt digital och du bokar utrustningen p\u00e5 samma s\u00e4tt oavsett om du \u00e4r hemma i soffan eller p\u00e5 plats i skiduthyrningen. Bokar du innan ankomst st\u00e5r din utrustning och v\u00e4ntar p\u00e5 dig i hyran. Bokar du f\u00f6r hela vistelsen\u00a0k\u00f6r vi dessutom ut skidorna till ditt boende utan extra kostnad. Bekv\u00e4mare \u00e4n s\u00e5 kan det inte bli.<\/div>\n<p style=\"text-align: center;\"><a class=\"btn btn--action\" href=\"https:\/\/www.branas.se\/bokning\/#\/skidhyra\">Hyr din utrustning<\/a><\/p>\n<p style=\"text-align: center;\"><a class=\"btn btn--action\" href=\"https:\/\/www-dev.branas.se\/da\/hyra-skidor\/prislista-skiduthyrning\/\">Prislista<\/a><\/p>\n<hr \/>\n<h2>\u00a0S\u00e5 h\u00e4r g\u00e5r det till<\/h2>\n<p>Du bokar enkelt via dator, mobil\u00a0eller genom en av v\u00e5ra terminaler i hyran. Kom ih\u00e5g att v\u00e4lja utl\u00e4mningsst\u00e4lle, skidhyra finns b\u00e5de p\u00e5 Bran\u00e4s Berg och i Bran\u00e4s By.<\/p>\n<p>N\u00e4r din utrustning \u00e4r f\u00e4rdig att h\u00e4mta f\u00e5r du ett sms med information om i vilket fack utrustningen st\u00e5r i. Skulle du beh\u00f6va byta p\u00e5 grund av storlek eller n\u00e5got annat s\u00e5 hj\u00e4lper vi dig givetvis med det.<\/p>\n<p>Dessutom ing\u00e5r alltid multihyra i alla v\u00e5ra paket. Du kan byta hur m\u00e5nga g\u00e5nger du vill mellan l\u00e4ngd, snowboard och alpina skidor. Perfekt om du vill nyttja din semester till max.<\/p>\n<p><iframe loading=\"lazy\" title=\"Bran\u00e4s - S\u00e5 funkar skidhyran\" src=\"https:\/\/player.vimeo.com\/video\/257483316?dnt=1&amp;app_id=122963\" width=\"500\" height=\"281\" frameborder=\"0\" allow=\"autoplay; fullscreen; picture-in-picture; clipboard-write\"><\/iframe><\/p>\n<hr \/>","protected":false},"excerpt":{"rendered":"<p>Bran\u00e4s skiduthyrning \u00e4r helt digital och du bokar utrustningen p\u00e5 samma s\u00e4tt oavsett om du \u00e4r hemma i soffan eller p\u00e5 plats i skiduthyrningen. Bokar du innan ankomst st\u00e5r din utrustning och v\u00e4ntar p\u00e5 dig i hyran. Bokar du f\u00f6r hela vistelsen\u00a0k\u00f6r vi dessutom ut skidorna till ditt boende utan extra kostnad. Bekv\u00e4mare \u00e4n s\u00e5 [&hellip;]<\/p>","protected":false},"author":2,"featured_media":0,"parent":374,"menu_order":1,"comment_status":"closed","ping_status":"closed","template":"","meta":{"_acf_changed":false,"footnotes":""},"class_list":["post-476","page","type-page","status-publish","hentry"],"acf":[],"_links":{"self":[{"href":"https:\/\/www-dev.branas.se\/da\/wp-json\/wp\/v2\/pages\/476"}],"collection":[{"href":"https:\/\/www-dev.branas.se\/da\/wp-json\/wp\/v2\/pages"}],"about":[{"href":"https:\/\/www-dev.branas.se\/da\/wp-json\/wp\/v2\/types\/page"}],"author":[{"embeddable":true,"href":"https:\/\/www-dev.branas.se\/da\/wp-json\/wp\/v2\/users\/2"}],"replies":[{"embeddable":true,"href":"https:\/\/www-dev.branas.se\/da\/wp-json\/wp\/v2\/comments?post=476"}],"version-history":[{"count":17,"href":"https:\/\/www-dev.branas.se\/da\/wp-json\/wp\/v2\/pages\/476\/revisions"}],"predecessor-version":[{"id":1811,"href":"https:\/\/www-dev.branas.se\/da\/wp-json\/wp\/v2\/pages\/476\/revisions\/1811"}],"up":[{"embeddable":true,"href":"https:\/\/www-dev.branas.se\/da\/wp-json\/wp\/v2\/pages\/374"}],"wp:attachment":[{"href":"https:\/\/www-dev.branas.se\/da\/wp-json\/wp\/v2\/media?parent=476"}],"curies":[{"name":"wp","href":"https:\/\/api.w.org\/{rel}","templated":true}]}}