{"id":313,"date":"2018-10-30T06:38:55","date_gmt":"2018-10-30T06:38:55","guid":{"rendered":"https:\/\/www-dev.branas.se\/?page_id=313"},"modified":"2018-12-11T11:40:02","modified_gmt":"2018-12-11T11:40:02","slug":"bankomat-och-apotek","status":"publish","type":"page","link":"https:\/\/www-dev.branas.se\/da\/pa-plats\/bankomat-och-apotek\/","title":{"rendered":"Bankomat och apotek"},"content":{"rendered":"<h2 style=\"text-align: center;\">Bankomat<\/h2>\n<p style=\"text-align: center;\">Bankomat finns i Syssleb\u00e4ck och i Liken\u00e4s, b\u00e5da 8 kilometer fr\u00e5n Bran\u00e4s.<\/p>\n<p style=\"text-align: center;\"><a class=\"btn btn--action\" href=\"https:\/\/www.google.se\/maps\/place\/TORGET+2,+680+60+Syssleb%C3%A4ck\/@60.7303271,12.8719481,17z\/data=!3m1!4b1!4m2!3m1!1s0x46682a951d60c483:0xd2c963e5e1eebc53\" target=\"_blank\" rel=\"noopener\">HITTA TILL BANKOMATEN I SYSSLEB\u00c4CK \u00a0\u00a0<\/a><\/p>\n<p style=\"text-align: center;\"><a class=\"btn btn--action\" href=\"https:\/\/www.google.se\/maps\/place\/Liken%C3%A4sv%C3%A4gen+26,+680+63+Liken%C3%A4s\/@60.6158457,13.0411216,17z\/data=!3m1!4b1!4m2!3m1!1s0x4642836a2efb97a3:0xa9b47427f081d9a2\" target=\"_blank\" rel=\"noopener\">HITTA TILL BANKOMATEN I LIKEN\u00c4S \u00a0\u00a0<\/a><\/p>\n<hr \/>\n<h2 style=\"text-align: center;\">Apotek<\/h2>\n<p style=\"text-align: center;\">Apotek finns n\u00e4rmast i Liken\u00e4s. V\u00e5ra n\u00e4rlivsbutiker \u00e4r \u00e4ven apoteksombud.<\/p>\n<div class=\"clickable button-box small-button\" style=\"text-align: center;\"><a class=\"btn btn--action\" href=\"https:\/\/www.google.se\/maps\/place\/Kronans+Apotek+Liken%C3%A4s\/@60.6219095,13.04296,15z\/data=!3m1!4b1!4m5!1m2!2m1!1zYXBvdGVrIG7DpHJhIExpa2Vuw6Rz!3m1!1s0x464283425fbdcbd9:0x77ecc249a8ae2012\" target=\"_blank\" rel=\"noopener\">HITTA TILL APOTEKET \u00a0\u00a0<\/a><i class=\"fa fa-arrow-right\"><\/i><\/div>\n<hr \/>","protected":false},"excerpt":{"rendered":"<p>Bankomat Bankomat finns i Syssleb\u00e4ck och i Liken\u00e4s, b\u00e5da 8 kilometer fr\u00e5n Bran\u00e4s. HITTA TILL BANKOMATEN I SYSSLEB\u00c4CK \u00a0\u00a0 HITTA TILL BANKOMATEN I LIKEN\u00c4S \u00a0\u00a0 Apotek Apotek finns n\u00e4rmast i Liken\u00e4s. V\u00e5ra n\u00e4rlivsbutiker \u00e4r \u00e4ven apoteksombud. HITTA TILL APOTEKET \u00a0\u00a0<\/p>","protected":false},"author":2,"featured_media":0,"parent":526,"menu_order":0,"comment_status":"closed","ping_status":"closed","template":"","meta":{"_acf_changed":false,"footnotes":""},"class_list":["post-313","page","type-page","status-publish","hentry"],"acf":[],"_links":{"self":[{"href":"https:\/\/www-dev.branas.se\/da\/wp-json\/wp\/v2\/pages\/313"}],"collection":[{"href":"https:\/\/www-dev.branas.se\/da\/wp-json\/wp\/v2\/pages"}],"about":[{"href":"https:\/\/www-dev.branas.se\/da\/wp-json\/wp\/v2\/types\/page"}],"author":[{"embeddable":true,"href":"https:\/\/www-dev.branas.se\/da\/wp-json\/wp\/v2\/users\/2"}],"replies":[{"embeddable":true,"href":"https:\/\/www-dev.branas.se\/da\/wp-json\/wp\/v2\/comments?post=313"}],"version-history":[{"count":10,"href":"https:\/\/www-dev.branas.se\/da\/wp-json\/wp\/v2\/pages\/313\/revisions"}],"predecessor-version":[{"id":1372,"href":"https:\/\/www-dev.branas.se\/da\/wp-json\/wp\/v2\/pages\/313\/revisions\/1372"}],"up":[{"embeddable":true,"href":"https:\/\/www-dev.branas.se\/da\/wp-json\/wp\/v2\/pages\/526"}],"wp:attachment":[{"href":"https:\/\/www-dev.branas.se\/da\/wp-json\/wp\/v2\/media?parent=313"}],"curies":[{"name":"wp","href":"https:\/\/api.w.org\/{rel}","templated":true}]}}