{"id":31,"date":"2018-10-11T09:38:02","date_gmt":"2018-10-11T07:38:02","guid":{"rendered":"https:\/\/www-dev.branas.se\/?page_id=31"},"modified":"2018-12-17T15:11:06","modified_gmt":"2018-12-17T15:11:06","slug":"attraktioner-och-funpark","status":"publish","type":"page","link":"https:\/\/www-dev.branas.se\/da\/skidakning-i-branas\/attraktioner-och-funpark\/","title":{"rendered":"Attraktioner och funpark"},"content":{"rendered":"<div class=\"ingress\">I Bran\u00e4s finns attraktioner, utmaningar och hopp i olika sv\u00e5righetsgrader som passar b\u00e5de nyb\u00f6rjare och mer erfarna \u00e5kare. Testa att flyga flyga h\u00f6gt i big-airkudden. I Bran\u00e4s Juniorpark finns hopp, rails och boxar f\u00f6r v\u00e5gade skid- och snowboard\u00e5kare. Och du kan h\u00e4lsa p\u00e5 alla Nintendofigurerna i Nintendo Land<\/div>","protected":false},"excerpt":{"rendered":"<p>I Bran\u00e4s finns attraktioner, utmaningar och hopp i olika sv\u00e5righetsgrader som passar b\u00e5de nyb\u00f6rjare och mer erfarna \u00e5kare. Testa att flyga flyga h\u00f6gt i big-airkudden. I Bran\u00e4s Juniorpark finns hopp, rails och boxar f\u00f6r v\u00e5gade skid- och snowboard\u00e5kare. Och du kan h\u00e4lsa p\u00e5 alla Nintendofigurerna i Nintendo Land<\/p>","protected":false},"author":2,"featured_media":0,"parent":368,"menu_order":0,"comment_status":"closed","ping_status":"closed","template":"","meta":{"_acf_changed":false,"footnotes":""},"class_list":["post-31","page","type-page","status-publish","hentry"],"acf":[],"_links":{"self":[{"href":"https:\/\/www-dev.branas.se\/da\/wp-json\/wp\/v2\/pages\/31"}],"collection":[{"href":"https:\/\/www-dev.branas.se\/da\/wp-json\/wp\/v2\/pages"}],"about":[{"href":"https:\/\/www-dev.branas.se\/da\/wp-json\/wp\/v2\/types\/page"}],"author":[{"embeddable":true,"href":"https:\/\/www-dev.branas.se\/da\/wp-json\/wp\/v2\/users\/2"}],"replies":[{"embeddable":true,"href":"https:\/\/www-dev.branas.se\/da\/wp-json\/wp\/v2\/comments?post=31"}],"version-history":[{"count":20,"href":"https:\/\/www-dev.branas.se\/da\/wp-json\/wp\/v2\/pages\/31\/revisions"}],"predecessor-version":[{"id":1852,"href":"https:\/\/www-dev.branas.se\/da\/wp-json\/wp\/v2\/pages\/31\/revisions\/1852"}],"up":[{"embeddable":true,"href":"https:\/\/www-dev.branas.se\/da\/wp-json\/wp\/v2\/pages\/368"}],"wp:attachment":[{"href":"https:\/\/www-dev.branas.se\/da\/wp-json\/wp\/v2\/media?parent=31"}],"curies":[{"name":"wp","href":"https:\/\/api.w.org\/{rel}","templated":true}]}}